{"id":1131,"date":"2016-04-12T18:13:18","date_gmt":"2016-04-12T16:13:18","guid":{"rendered":"http:\/\/lama.es\/home\/?lang=fr"},"modified":"2026-04-08T13:50:10","modified_gmt":"2026-04-08T11:50:10","slug":"www-lama-es","status":"publish","type":"page","link":"https:\/\/lama.es\/fr\/","title":{"rendered":"Home"},"content":{"rendered":"<p>[vc_row css_animation=\u00a0\u00bb\u00a0\u00bb row_type=\u00a0\u00bbrow\u00a0\u00bb use_row_as_full_screen_section=\u00a0\u00bbno\u00a0\u00bb type=\u00a0\u00bbgrid\u00a0\u00bb angled_section=\u00a0\u00bbno\u00a0\u00bb text_align=\u00a0\u00bbleft\u00a0\u00bb background_image_as_pattern=\u00a0\u00bbwithout_pattern\u00a0\u00bb css=\u00a0\u00bb.vc_custom_1461663282661{padding-top: 40px !important;padding-bottom: 40px !important;}\u00a0\u00bb][vc_column css=\u00a0\u00bb.vc_custom_1460479679353{padding-top: 50px !important;padding-bottom: 50px !important;}\u00a0\u00bb][vc_column_text]<\/p>\n<h1 style=\"text-align: center; color: #303030;\">LEADER EN TECHNOLOGIE DE FILTRATION<\/h1>\n<p>[\/vc_column_text][vc_empty_space][vc_column_text]<\/p>\n<p style=\"text-align: center;\" data-start=\"93\" data-end=\"334\">Nous fabriquons l\u2019une des gammes de filtres les plus compl\u00e8tes du march\u00e9 : microfiltration, filtres \u00e0 m\u00e9dia, filtres \u00e0 disques, filtres \u00e0 tamis, filtres \u00e0 sable, hydrocyclones et vannes de nettoyage. D\u00e9couvrez les derni\u00e8res avanc\u00e9es de notre d\u00e9partement technique.<\/p>\n<p>[\/vc_column_text][\/vc_column][\/vc_row][vc_row css_animation=\u00a0\u00bb\u00a0\u00bb row_type=\u00a0\u00bbrow\u00a0\u00bb use_row_as_full_screen_section=\u00a0\u00bbno\u00a0\u00bb type=\u00a0\u00bbfull_width\u00a0\u00bb angled_section=\u00a0\u00bbno\u00a0\u00bb text_align=\u00a0\u00bbleft\u00a0\u00bb background_image_as_pattern=\u00a0\u00bbwithout_pattern\u00a0\u00bb][vc_column][vc_gallery type=\u00a0\u00bbimage_grid\u00a0\u00bb images=\u00a0\u00bb758,759,760,761,762&Prime; img_size=\u00a0\u00bbfull\u00a0\u00bb column_number=\u00a0\u00bb5&Prime; grayscale=\u00a0\u00bbyes\u00a0\u00bb images_space=\u00a0\u00bbgallery_without_space\u00a0\u00bb][\/vc_column][\/vc_row][vc_row css_animation=\u00a0\u00bb\u00a0\u00bb row_type=\u00a0\u00bbrow\u00a0\u00bb use_row_as_full_screen_section=\u00a0\u00bbno\u00a0\u00bb type=\u00a0\u00bbgrid\u00a0\u00bb angled_section=\u00a0\u00bbno\u00a0\u00bb text_align=\u00a0\u00bbleft\u00a0\u00bb background_image_as_pattern=\u00a0\u00bbwithout_pattern\u00a0\u00bb css=\u00a0\u00bb.vc_custom_1460480420262{padding-top: 50px !important;padding-bottom: 50px !important;}\u00a0\u00bb][vc_column width=\u00a0\u00bb1\/2&Prime;][vc_single_image image=\u00a0\u00bb4115&Prime; img_size=\u00a0\u00bbfull\u00a0\u00bb qode_css_animation=\u00a0\u00bb\u00a0\u00bb][\/vc_column][vc_column width=\u00a0\u00bb1\/2&Prime; css=\u00a0\u00bb.vc_custom_1460480800973{padding-top: 30px !important;}\u00a0\u00bb][vc_column_text css=\u00a0\u00bb.vc_custom_1461663481226{padding-bottom: 20px !important;}\u00a0\u00bb]<\/p>\n<h2 style=\"text-align: left;\">LEADER EN TECHNOLOGIE DE FILTRATION<\/h2>\n<p>&nbsp;<\/p>\n<p>Nous fabriquons la plus ample gamme de syst\u00e8mes de filtration : la microfiltration, \u00e0 lit, les filtres \u00e0 disques, \u00e0 tamis et \u00e0 sable, les hydrocyclones et les vannes de nettoyage. Nous vous invitons \u00e0 en savoir plus sur les progr\u00e8s r\u00e9alis\u00e9s par notre service technique.[\/vc_column_text]<a  itemprop=\"url\" href=\"https:\/\/lama.es\/tecnologia\" target=\"_self\"  class=\"qbutton  medium default\" style=\"color: #ffffff; border-color: #9d9d9d; font-style: normal; margin: 30px 0px 0px 0px; border-radius: 0px;-moz-border-radius: 0px;-webkit-border-radius: 0px; background-color: #9d9d9d;\">TECHNOLOGIE<\/a>[\/vc_column][\/vc_row][vc_row css_animation=\u00a0\u00bb\u00a0\u00bb row_type=\u00a0\u00bbrow\u00a0\u00bb use_row_as_full_screen_section=\u00a0\u00bbno\u00a0\u00bb type=\u00a0\u00bbgrid\u00a0\u00bb angled_section=\u00a0\u00bbno\u00a0\u00bb text_align=\u00a0\u00bbleft\u00a0\u00bb background_image_as_pattern=\u00a0\u00bbwithout_pattern\u00a0\u00bb css=\u00a0\u00bb.vc_custom_1462991274347{padding-top: 40px !important;background-color: #ededed !important;}\u00a0\u00bb][vc_column][vc_column_text css=\u00a0\u00bb.vc_custom_1462968677130{margin-bottom: 40px !important;}\u00a0\u00bb]<\/p>\n<h2 style=\"text-align: center;\">ACTUALIT\u00c9S<\/h2>\n<p>[\/vc_column_text]<div class='latest_post_two_holder three_columns'><ul><li class=\"clearfix\"><div class=\"latest_post_two_image\"><a itemprop=\"url\" href=\"https:\/\/lama.es\/fr\/communique-de-presse\/\"><img loading=\"lazy\" decoding=\"async\" width=\"700\" height=\"368\" src=\"https:\/\/lama.es\/wp-content\/uploads\/2025\/09\/LAMA_H2O-700x368.jpg\" class=\"attachment-portfolio_masonry_with_space size-portfolio_masonry_with_space wp-post-image\" alt=\"\" srcset=\"https:\/\/lama.es\/wp-content\/uploads\/2025\/09\/LAMA_H2O-700x368.jpg 700w, https:\/\/lama.es\/wp-content\/uploads\/2025\/09\/LAMA_H2O-300x158.jpg 300w, https:\/\/lama.es\/wp-content\/uploads\/2025\/09\/LAMA_H2O-1024x538.jpg 1024w, https:\/\/lama.es\/wp-content\/uploads\/2025\/09\/LAMA_H2O-1536x807.jpg 1536w, https:\/\/lama.es\/wp-content\/uploads\/2025\/09\/LAMA_H2O.jpg 2000w\" sizes=\"auto, (max-width: 700px) 100vw, 700px\" \/><\/a><\/div><div class=\"latest_post_two_inner\" ><div class=\"latest_post_two_text\"><h5 itemprop=\"name\" class=\"latest_post_two_title entry_title\"><a itemprop=\"url\" href=\"https:\/\/lama.es\/fr\/communique-de-presse\/\" >COMMUNIQU\u00c9 DE PRESSE &#8211; NOUS FAISONS MAINTENANT PARTIE D\u2019H2O INNOVATION<\/a><\/h5><div class=\"separator small left \" ><\/div><\/div><div class=\"latest_post_two_info\" ><div class=\"latest_post_two_info_inner\" ><div class=\"post_info_author\"><img alt='Author Image' src='https:\/\/secure.gravatar.com\/avatar\/950796e1bd0975e59bb20ca14b398a263f38b1beaf3f11e685e2a12c209e1ec3?s=30&#038;d=mm&#038;r=g' srcset='https:\/\/secure.gravatar.com\/avatar\/950796e1bd0975e59bb20ca14b398a263f38b1beaf3f11e685e2a12c209e1ec3?s=60&#038;d=mm&#038;r=g 2x' class='avatar avatar-30 photo' height='30' width='30' \/><span class=\"post_info_author_name\">Lama<\/span><\/div><div itemprop=\"dateCreated\" class=\"post_info_date entry_date updated\">22 septembre, 2025<meta itemprop=\"interactionCount\" content=\"UserComments: <?php echo get_comments_number(qode_get_page_id()); ?>\"\/><\/div><\/div><\/div><\/div><\/li><li class=\"clearfix\"><div class=\"latest_post_two_image\"><a itemprop=\"url\" href=\"https:\/\/lama.es\/fr\/la-problematique-des-microalgues-dans-les-systemes-de-filtration\/\"><img loading=\"lazy\" decoding=\"async\" width=\"700\" height=\"525\" src=\"https:\/\/lama.es\/wp-content\/uploads\/2024\/06\/Solucion-microalgas-arena-700x525.jpg\" class=\"attachment-portfolio_masonry_with_space size-portfolio_masonry_with_space wp-post-image\" alt=\"\" srcset=\"https:\/\/lama.es\/wp-content\/uploads\/2024\/06\/Solucion-microalgas-arena-700x525.jpg 700w, https:\/\/lama.es\/wp-content\/uploads\/2024\/06\/Solucion-microalgas-arena-300x225.jpg 300w, https:\/\/lama.es\/wp-content\/uploads\/2024\/06\/Solucion-microalgas-arena-1024x768.jpg 1024w, https:\/\/lama.es\/wp-content\/uploads\/2024\/06\/Solucion-microalgas-arena-1536x1152.jpg 1536w, https:\/\/lama.es\/wp-content\/uploads\/2024\/06\/Solucion-microalgas-arena-2048x1536.jpg 2048w, https:\/\/lama.es\/wp-content\/uploads\/2024\/06\/Solucion-microalgas-arena-800x600.jpg 800w\" sizes=\"auto, (max-width: 700px) 100vw, 700px\" \/><\/a><\/div><div class=\"latest_post_two_inner\" ><div class=\"latest_post_two_text\"><h5 itemprop=\"name\" class=\"latest_post_two_title entry_title\"><a itemprop=\"url\" href=\"https:\/\/lama.es\/fr\/la-problematique-des-microalgues-dans-les-systemes-de-filtration\/\" >LA PROBL\u00c9MATIQUE DES MICROALGUES DANS LES SYST\u00c8MES DE FILTRATION<\/a><\/h5><div class=\"separator small left \" ><\/div><\/div><div class=\"latest_post_two_info\" ><div class=\"latest_post_two_info_inner\" ><div class=\"post_info_author\"><img alt='Author Image' src='https:\/\/secure.gravatar.com\/avatar\/950796e1bd0975e59bb20ca14b398a263f38b1beaf3f11e685e2a12c209e1ec3?s=30&#038;d=mm&#038;r=g' srcset='https:\/\/secure.gravatar.com\/avatar\/950796e1bd0975e59bb20ca14b398a263f38b1beaf3f11e685e2a12c209e1ec3?s=60&#038;d=mm&#038;r=g 2x' class='avatar avatar-30 photo' height='30' width='30' \/><span class=\"post_info_author_name\">Lama<\/span><\/div><div itemprop=\"dateCreated\" class=\"post_info_date entry_date updated\">11 juin, 2024<meta itemprop=\"interactionCount\" content=\"UserComments: <?php echo get_comments_number(qode_get_page_id()); ?>\"\/><\/div><\/div><\/div><\/div><\/li><li class=\"clearfix\"><div class=\"latest_post_two_image\"><a itemprop=\"url\" href=\"https:\/\/lama.es\/fr\/filtration-par-le-sable-en-irrigation\/\"><img loading=\"lazy\" decoding=\"async\" width=\"700\" height=\"525\" src=\"https:\/\/lama.es\/wp-content\/uploads\/2022\/03\/4.fotos-1-miniatura-700x525.jpg\" class=\"attachment-portfolio_masonry_with_space size-portfolio_masonry_with_space wp-post-image\" alt=\"\" srcset=\"https:\/\/lama.es\/wp-content\/uploads\/2022\/03\/4.fotos-1-miniatura-700x525.jpg 700w, https:\/\/lama.es\/wp-content\/uploads\/2022\/03\/4.fotos-1-miniatura-300x225.jpg 300w, https:\/\/lama.es\/wp-content\/uploads\/2022\/03\/4.fotos-1-miniatura-1024x768.jpg 1024w, https:\/\/lama.es\/wp-content\/uploads\/2022\/03\/4.fotos-1-miniatura-1536x1152.jpg 1536w, https:\/\/lama.es\/wp-content\/uploads\/2022\/03\/4.fotos-1-miniatura-2048x1536.jpg 2048w, https:\/\/lama.es\/wp-content\/uploads\/2022\/03\/4.fotos-1-miniatura-800x600.jpg 800w\" sizes=\"auto, (max-width: 700px) 100vw, 700px\" \/><\/a><\/div><div class=\"latest_post_two_inner\" ><div class=\"latest_post_two_text\"><h5 itemprop=\"name\" class=\"latest_post_two_title entry_title\"><a itemprop=\"url\" href=\"https:\/\/lama.es\/fr\/filtration-par-le-sable-en-irrigation\/\" >FILTRATION PAR LE SABLE EN IRRIGATION<\/a><\/h5><div class=\"separator small left \" ><\/div><\/div><div class=\"latest_post_two_info\" ><div class=\"latest_post_two_info_inner\" ><div class=\"post_info_author\"><img alt='Author Image' src='https:\/\/secure.gravatar.com\/avatar\/950796e1bd0975e59bb20ca14b398a263f38b1beaf3f11e685e2a12c209e1ec3?s=30&#038;d=mm&#038;r=g' srcset='https:\/\/secure.gravatar.com\/avatar\/950796e1bd0975e59bb20ca14b398a263f38b1beaf3f11e685e2a12c209e1ec3?s=60&#038;d=mm&#038;r=g 2x' class='avatar avatar-30 photo' height='30' width='30' \/><span class=\"post_info_author_name\">Lama<\/span><\/div><div itemprop=\"dateCreated\" class=\"post_info_date entry_date updated\">16 mars, 2022<meta itemprop=\"interactionCount\" content=\"UserComments: <?php echo get_comments_number(qode_get_page_id()); ?>\"\/><\/div><\/div><\/div><\/div><\/li><\/ul><\/div>[\/vc_column][\/vc_row]<\/p>\n","protected":false},"excerpt":{"rendered":"<p>[vc_row css_animation=\u00a0\u00bb\u00a0\u00bb row_type=\u00a0\u00bbrow\u00a0\u00bb use_row_as_full_screen_section=\u00a0\u00bbno\u00a0\u00bb type=\u00a0\u00bbgrid\u00a0\u00bb angled_section=\u00a0\u00bbno\u00a0\u00bb text_align=\u00a0\u00bbleft\u00a0\u00bb background_image_as_pattern=\u00a0\u00bbwithout_pattern\u00a0\u00bb css=\u00a0\u00bb.vc_custom_1461663282661{padding-top: 40px !important;padding-bottom: 40px !important;}\u00a0\u00bb][vc_column css=\u00a0\u00bb.vc_custom_1460479679353{padding-top: 50px !important;padding-bottom: 50px !important;}\u00a0\u00bb][vc_column_text] LEADER EN TECHNOLOGIE DE FILTRATION [\/vc_column_text][vc_empty_space][vc_column_text] Nous fabriquons l\u2019une des gammes de filtres les plus compl\u00e8tes du march\u00e9 : microfiltration, filtres \u00e0 m\u00e9dia, filtres \u00e0 disques, filtres&#8230;<\/p>\n","protected":false},"author":1,"featured_media":0,"parent":0,"menu_order":0,"comment_status":"closed","ping_status":"closed","template":"full_width.php","meta":{"footnotes":""},"class_list":["post-1131","page","type-page","status-publish","hentry"],"yoast_head":"<!-- This site is optimized with the Yoast SEO plugin v27.3 - https:\/\/yoast.com\/product\/yoast-seo-wordpress\/ -->\n<title>LAMA Sistemas de Filtrados<\/title>\n<meta name=\"description\" content=\"Chez Lama, nous sommes sp\u00e9cialis\u00e9es en filtres depuis 70 ans. Plus de 150.000 stations de filtration dans le monde entier avalisent notre trajectoire.\" \/>\n<meta name=\"robots\" content=\"index, follow, max-snippet:-1, max-image-preview:large, max-video-preview:-1\" \/>\n<link rel=\"canonical\" href=\"https:\/\/lama.es\/fr\/\" \/>\n<meta property=\"og:locale\" content=\"fr_FR\" \/>\n<meta property=\"og:type\" content=\"article\" \/>\n<meta property=\"og:title\" content=\"LAMA Sistemas de Filtrados\" \/>\n<meta property=\"og:description\" content=\"Chez Lama, nous sommes sp\u00e9cialis\u00e9es en filtres depuis 70 ans. Plus de 150.000 stations de filtration dans le monde entier avalisent notre trajectoire.\" \/>\n<meta property=\"og:url\" content=\"https:\/\/lama.es\/fr\/\" \/>\n<meta property=\"og:site_name\" content=\"LAMA Sistema de Filtrado\" \/>\n<meta property=\"article:modified_time\" content=\"2026-04-08T11:50:10+00:00\" \/>\n<meta name=\"twitter:card\" content=\"summary_large_image\" \/>\n<meta name=\"twitter:label1\" content=\"Dur\u00e9e de lecture estim\u00e9e\" \/>\n\t<meta name=\"twitter:data1\" content=\"1 minute\" \/>\n<script type=\"application\/ld+json\" class=\"yoast-schema-graph\">{\"@context\":\"https:\\\/\\\/schema.org\",\"@graph\":[{\"@type\":\"WebPage\",\"@id\":\"https:\\\/\\\/lama.es\\\/fr\\\/\",\"url\":\"https:\\\/\\\/lama.es\\\/fr\\\/\",\"name\":\"LAMA Sistemas de Filtrados\",\"isPartOf\":{\"@id\":\"https:\\\/\\\/lama.es\\\/fr\\\/#website\"},\"datePublished\":\"2016-04-12T16:13:18+00:00\",\"dateModified\":\"2026-04-08T11:50:10+00:00\",\"description\":\"Chez Lama, nous sommes sp\u00e9cialis\u00e9es en filtres depuis 70 ans. Plus de 150.000 stations de filtration dans le monde entier avalisent notre trajectoire.\",\"breadcrumb\":{\"@id\":\"https:\\\/\\\/lama.es\\\/fr\\\/#breadcrumb\"},\"inLanguage\":\"fr-FR\",\"potentialAction\":[{\"@type\":\"ReadAction\",\"target\":[\"https:\\\/\\\/lama.es\\\/fr\\\/\"]}]},{\"@type\":\"BreadcrumbList\",\"@id\":\"https:\\\/\\\/lama.es\\\/fr\\\/#breadcrumb\",\"itemListElement\":[{\"@type\":\"ListItem\",\"position\":1,\"name\":\"Portada\",\"item\":\"https:\\\/\\\/lama.es\\\/fr\\\/\"},{\"@type\":\"ListItem\",\"position\":2,\"name\":\"Home\"}]},{\"@type\":\"WebSite\",\"@id\":\"https:\\\/\\\/lama.es\\\/fr\\\/#website\",\"url\":\"https:\\\/\\\/lama.es\\\/fr\\\/\",\"name\":\"LAMA Sistema de Filtrado\",\"description\":\"\",\"potentialAction\":[{\"@type\":\"SearchAction\",\"target\":{\"@type\":\"EntryPoint\",\"urlTemplate\":\"https:\\\/\\\/lama.es\\\/fr\\\/?s={search_term_string}\"},\"query-input\":{\"@type\":\"PropertyValueSpecification\",\"valueRequired\":true,\"valueName\":\"search_term_string\"}}],\"inLanguage\":\"fr-FR\"}]}<\/script>\n<!-- \/ Yoast SEO plugin. -->","yoast_head_json":{"title":"LAMA Sistemas de Filtrados","description":"Chez Lama, nous sommes sp\u00e9cialis\u00e9es en filtres depuis 70 ans. Plus de 150.000 stations de filtration dans le monde entier avalisent notre trajectoire.","robots":{"index":"index","follow":"follow","max-snippet":"max-snippet:-1","max-image-preview":"max-image-preview:large","max-video-preview":"max-video-preview:-1"},"canonical":"https:\/\/lama.es\/fr\/","og_locale":"fr_FR","og_type":"article","og_title":"LAMA Sistemas de Filtrados","og_description":"Chez Lama, nous sommes sp\u00e9cialis\u00e9es en filtres depuis 70 ans. Plus de 150.000 stations de filtration dans le monde entier avalisent notre trajectoire.","og_url":"https:\/\/lama.es\/fr\/","og_site_name":"LAMA Sistema de Filtrado","article_modified_time":"2026-04-08T11:50:10+00:00","twitter_card":"summary_large_image","twitter_misc":{"Dur\u00e9e de lecture estim\u00e9e":"1 minute"},"schema":{"@context":"https:\/\/schema.org","@graph":[{"@type":"WebPage","@id":"https:\/\/lama.es\/fr\/","url":"https:\/\/lama.es\/fr\/","name":"LAMA Sistemas de Filtrados","isPartOf":{"@id":"https:\/\/lama.es\/fr\/#website"},"datePublished":"2016-04-12T16:13:18+00:00","dateModified":"2026-04-08T11:50:10+00:00","description":"Chez Lama, nous sommes sp\u00e9cialis\u00e9es en filtres depuis 70 ans. Plus de 150.000 stations de filtration dans le monde entier avalisent notre trajectoire.","breadcrumb":{"@id":"https:\/\/lama.es\/fr\/#breadcrumb"},"inLanguage":"fr-FR","potentialAction":[{"@type":"ReadAction","target":["https:\/\/lama.es\/fr\/"]}]},{"@type":"BreadcrumbList","@id":"https:\/\/lama.es\/fr\/#breadcrumb","itemListElement":[{"@type":"ListItem","position":1,"name":"Portada","item":"https:\/\/lama.es\/fr\/"},{"@type":"ListItem","position":2,"name":"Home"}]},{"@type":"WebSite","@id":"https:\/\/lama.es\/fr\/#website","url":"https:\/\/lama.es\/fr\/","name":"LAMA Sistema de Filtrado","description":"","potentialAction":[{"@type":"SearchAction","target":{"@type":"EntryPoint","urlTemplate":"https:\/\/lama.es\/fr\/?s={search_term_string}"},"query-input":{"@type":"PropertyValueSpecification","valueRequired":true,"valueName":"search_term_string"}}],"inLanguage":"fr-FR"}]}},"_links":{"self":[{"href":"https:\/\/lama.es\/fr\/wp-json\/wp\/v2\/pages\/1131","targetHints":{"allow":["GET"]}}],"collection":[{"href":"https:\/\/lama.es\/fr\/wp-json\/wp\/v2\/pages"}],"about":[{"href":"https:\/\/lama.es\/fr\/wp-json\/wp\/v2\/types\/page"}],"author":[{"embeddable":true,"href":"https:\/\/lama.es\/fr\/wp-json\/wp\/v2\/users\/1"}],"replies":[{"embeddable":true,"href":"https:\/\/lama.es\/fr\/wp-json\/wp\/v2\/comments?post=1131"}],"version-history":[{"count":34,"href":"https:\/\/lama.es\/fr\/wp-json\/wp\/v2\/pages\/1131\/revisions"}],"predecessor-version":[{"id":7544,"href":"https:\/\/lama.es\/fr\/wp-json\/wp\/v2\/pages\/1131\/revisions\/7544"}],"wp:attachment":[{"href":"https:\/\/lama.es\/fr\/wp-json\/wp\/v2\/media?parent=1131"}],"curies":[{"name":"wp","href":"https:\/\/api.w.org\/{rel}","templated":true}]}}