{"id":1145,"date":"2016-04-21T13:27:09","date_gmt":"2016-04-21T11:27:09","guid":{"rendered":"http:\/\/lama.es\/empresa\/?lang=fr"},"modified":"2026-04-08T14:18:54","modified_gmt":"2026-04-08T12:18:54","slug":"entreprise","status":"publish","type":"page","link":"https:\/\/lama.es\/fr\/entreprise\/","title":{"rendered":"\u00c0 PROPOS"},"content":{"rendered":"<p>[vc_row css_animation=\u00a0\u00bb\u00a0\u00bb row_type=\u00a0\u00bbrow\u00a0\u00bb use_row_as_full_screen_section=\u00a0\u00bbno\u00a0\u00bb type=\u00a0\u00bbgrid\u00a0\u00bb angled_section=\u00a0\u00bbno\u00a0\u00bb text_align=\u00a0\u00bbleft\u00a0\u00bb background_image_as_pattern=\u00a0\u00bbwithout_pattern\u00a0\u00bb css=\u00a0\u00bb.vc_custom_1461314472523{padding-top: 40px !important;padding-bottom: 80px !important;}\u00a0\u00bb][vc_column width=\u00a0\u00bb1\/2&Prime; css=\u00a0\u00bb.vc_custom_1461314418640{padding-top: 40px !important;}\u00a0\u00bb][vc_video link=\u00a0\u00bbhttps:\/\/youtu.be\/Sw5bSUiK_GI\u00a0\u00bb][\/vc_column][vc_column width=\u00a0\u00bb1\/2&Prime; css=\u00a0\u00bb.vc_custom_1461314412759{padding-top: 40px !important;}\u00a0\u00bb][vc_column_text]H<sub>2<\/sub>O Innovation est une entreprise mondiale qui propose des solutions de traitement de l\u2019eau. Chaque jour, nous nous engageons \u00e0 aider les communaut\u00e9s et les industries \u00e0 relever les d\u00e9fis les plus urgents li\u00e9s \u00e0 l\u2019eau.<\/p>\n<p>Notre mission? <strong>Simplifier l\u2019eau<\/strong>.<\/p>\n<p>Nos syst\u00e8mes de filtration d\u2019eau Lama sont con\u00e7us pour des applications agricoles et industrielles et s\u2019appuient sur pr\u00e8s de 80 ans d\u2019expertise. Nos solutions Lama, qui composent d\u00e9sormais une gamme de produits d\u2019<a href=\"https:\/\/www.h2oinnovation.com\/\">H<sub>2<\/sub>O innovation<\/a>, restent fid\u00e8les \u00e0 cet h\u00e9ritage caract\u00e9ris\u00e9 par l\u2019innovation et la performance. Au fil des ans, nous avons d\u00e9velopp\u00e9 et perfectionn\u00e9 plusieurs solutions de filtration afin de r\u00e9pondre aux besoins de nos clients tout en respectant nos propres normes \u00e9lev\u00e9es. Nous continuons \u00e0 d\u00e9velopper de nouvelles technologies qui r\u00e9pondent \u00e0 l\u2019\u00e9volution des besoins d\u2019aujourd\u2019hui et de demain en ce qui a trait aux march\u00e9s agricoles et industriels.<\/p>\n<p>&nbsp;<\/p>\n<p><span style=\"color: #000000;\"><a style=\"color: #000000;\" href=\"https:\/\/lama.es\/wp-content\/uploads\/2025\/09\/HEO_comm_presse_Projet_Filter_FR_PDI.pdf\" target=\"_blank\" rel=\"noopener\"><strong>Cliquez ici<\/strong><\/a> <\/span>pour en savoir plus sur l\u2019int\u00e9gration de Lama au sein d\u2019H<sub>2<\/sub>O Innovation.<\/p>\n<p>&nbsp;<\/p>\n<p><span style=\"color: #000000;\"><a style=\"color: #000000;\" href=\"https:\/\/www.h2oinnovation.com\/fr\/\"><strong>Visitez le site Web d\u2019H<sub>2<\/sub>O Innovation<\/strong> :\u00a0<\/a><\/span><\/p>\n<p>Nos valeurs: L&rsquo;EAU<\/p>\n<p id=\"tw-target-text\" class=\"tw-data-text tw-ta tw-text-small\" dir=\"ltr\" data-placeholder=\"Traduction\"><strong>L<\/strong>oyaut\u00e9<br \/>\n<strong>E<\/strong>ntrepreneurship<br \/>\n<strong>A<\/strong>ccomplissement<br \/>\n<strong>U<\/strong>nit\u00e9<\/p>\n<p>&nbsp;<\/p>\n<p><span style=\"color: #000000;\"><a style=\"color: #000000;\" href=\"https:\/\/lama.es\/fr\/lhistoire-de-notre-societe\/\"><strong>Cliquez ici<\/strong><\/a><\/span>\u00a0pour d\u00e9couvrir les personnes et l\u2019expertise qui se cachent derri\u00e8re nos syst\u00e8mes de filtration Lama.<\/p>\n<p>[\/vc_column_text][\/vc_column][\/vc_row][vc_row css_animation=\u00a0\u00bb\u00a0\u00bb row_type=\u00a0\u00bbrow\u00a0\u00bb use_row_as_full_screen_section=\u00a0\u00bbyes\u00a0\u00bb type=\u00a0\u00bbfull_width\u00a0\u00bb angled_section=\u00a0\u00bbno\u00a0\u00bb text_align=\u00a0\u00bbleft\u00a0\u00bb background_image_as_pattern=\u00a0\u00bbwithout_pattern\u00a0\u00bb background_color=\u00a0\u00bb#ededed\u00a0\u00bb css=\u00a0\u00bb.vc_custom_1461314803331{margin-bottom: 40px !important;padding-bottom: 40px !important;}\u00a0\u00bb][vc_column][vc_row_inner row_type=\u00a0\u00bbrow\u00a0\u00bb type=\u00a0\u00bbgrid\u00a0\u00bb text_align=\u00a0\u00bbleft\u00a0\u00bb css_animation=\u00a0\u00bb\u00a0\u00bb][vc_column_inner width=\u00a0\u00bb1\/3&Prime; css=\u00a0\u00bb.vc_custom_1461312737444{padding-top: 40px !important;}\u00a0\u00bb][vc_column_text el_class=\u00a0\u00bbtxt_negro\u00a0\u00bb]<\/p>\n<p style=\"text-align: center;\"><strong>EXPERTISE<\/strong><\/p>\n<p style=\"text-align: center;\">Notre \u00e9quipe met tout en \u0153uvre pour concevoir et fabriquer des syst\u00e8mes de filtration d\u2019eau hautement performants. Le d\u00e9partement technique de Lama d\u00e9veloppe en permanence de nouveaux produits faciles \u00e0 utiliser et con\u00e7us pour optimiser la qualit\u00e9 de l\u2019eau. Pour ce faire, nous nous appuyons sur des technologies de pointe qui nous placent \u00e0 l\u2019avant-garde du march\u00e9 mondial. De plus, nos trois gammes de filtres Lama sont exclusivement fabriqu\u00e9es \u00e0 partir de mati\u00e8res premi\u00e8res de haute qualit\u00e9, notamment de l\u2019acier au carbone, de l\u2019acier inoxydable, du polyamide renforc\u00e9 de fibres de verre et du PVC.<\/p>\n<p>[\/vc_column_text][\/vc_column_inner][vc_column_inner width=\u00a0\u00bb1\/3&Prime; css=\u00a0\u00bb.vc_custom_1461312744247{padding-top: 40px !important;}\u00a0\u00bb][vc_column_text]<\/p>\n<h5 style=\"text-align: center;\"><\/h5>\n<p style=\"text-align: center;\"><strong>SOLUTIONS SUR MESURE<\/strong><\/p>\n<p style=\"text-align: center;\">Notre vaste s\u00e9lection de filtres manuels, semi-automatiques et automatiques Lama nous permet de r\u00e9pondre \u00e0 pratiquement toutes les exigences en mati\u00e8re de filtration. Nous offrons \u00e9galement la possibilit\u00e9 de fabriquer des filtres sur mesure, adapt\u00e9s aux besoins sp\u00e9cifiques de vos projets, qu\u2019il s\u2019agisse des syst\u00e8mes de filtration les plus simples ou les plus complexes.<\/p>\n<p>[\/vc_column_text][\/vc_column_inner][vc_column_inner width=\u00a0\u00bb1\/3&Prime; css=\u00a0\u00bb.vc_custom_1461312751914{padding-top: 40px !important;padding-bottom: 40px !important;}\u00a0\u00bb][vc_column_text]<\/p>\n<p style=\"text-align: center;\"><strong>NOS CLIENTS<\/strong><\/p>\n<p style=\"text-align: center;\">Notre engagement envers nos clients repose sur trois principes\u00a0: dire ce que l\u2019on fait, faire ce que l\u2019on dit et agir en toute transparence, jour apr\u00e8s jour.<\/p>\n<p style=\"text-align: center;\">Gr\u00e2ce au soutien que nous avons re\u00e7u de nos clients au fil des ans, nous ne cessons d\u2019am\u00e9liorer et d\u2019innover dans la conception de nos produits Lama. Notre expertise garantit \u00e0 nos clients les meilleurs produits et services.<\/p>\n<p>[\/vc_column_text][\/vc_column_inner][\/vc_row_inner][\/vc_column][\/vc_row][vc_row css_animation=\u00a0\u00bb\u00a0\u00bb row_type=\u00a0\u00bbrow\u00a0\u00bb use_row_as_full_screen_section=\u00a0\u00bbno\u00a0\u00bb type=\u00a0\u00bbgrid\u00a0\u00bb angled_section=\u00a0\u00bbno\u00a0\u00bb text_align=\u00a0\u00bbleft\u00a0\u00bb background_image_as_pattern=\u00a0\u00bbwithout_pattern\u00a0\u00bb][vc_column width=\u00a0\u00bb1\/2&Prime; css=\u00a0\u00bb.vc_custom_1461263889219{padding-top: 40px !important;padding-bottom: 40px !important;}\u00a0\u00bb][vc_single_image image=\u00a0\u00bb3604&Prime; img_size=\u00a0\u00bbfull\u00a0\u00bb alignment=\u00a0\u00bbcenter\u00a0\u00bb qode_css_animation=\u00a0\u00bb\u00a0\u00bb][vc_row_inner row_type=\u00a0\u00bbrow\u00a0\u00bb type=\u00a0\u00bbfull_width\u00a0\u00bb text_align=\u00a0\u00bbleft\u00a0\u00bb css_animation=\u00a0\u00bb\u00a0\u00bb css=\u00a0\u00bb.vc_custom_1462968933660{margin-top: 40px !important;margin-bottom: 40px !important;}\u00a0\u00bb][vc_column_inner width=\u00a0\u00bb1\/4&Prime;][vc_single_image image=\u00a0\u00bb3605&Prime; img_size=\u00a0\u00bbfull\u00a0\u00bb onclick=\u00a0\u00bbcustom_link\u00a0\u00bb img_link_target=\u00a0\u00bb_blank\u00a0\u00bb qode_css_animation=\u00a0\u00bb\u00a0\u00bb link=\u00a0\u00bbhttps:\/\/lama.es\/download\/certificat-groupe-lama.pdf\u00a0\u00bb][\/vc_column_inner][vc_column_inner width=\u00a0\u00bb1\/4&Prime;][vc_single_image image=\u00a0\u00bb2855&Prime; img_size=\u00a0\u00bbfull\u00a0\u00bb onclick=\u00a0\u00bbcustom_link\u00a0\u00bb img_link_target=\u00a0\u00bb_blank\u00a0\u00bb qode_css_animation=\u00a0\u00bb\u00a0\u00bb link=\u00a0\u00bbhttps:\/\/lama.es\/fr\/nanotechnology-lama\/\u00a0\u00bb][\/vc_column_inner][vc_column_inner width=\u00a0\u00bb1\/4&Prime;][\/vc_column_inner][\/vc_row_inner][\/vc_column][vc_column width=\u00a0\u00bb1\/2&Prime; css=\u00a0\u00bb.vc_custom_1461263907720{padding-top: 40px !important;padding-bottom: 40px !important;}\u00a0\u00bb][vc_column_text]<\/p>\n<h2>QUALIT\u00c9<\/h2>\n<p>&nbsp;<\/p>\n<p>Notre gamme de produits Lama s\u2019appuie sur un syst\u00e8me d\u2019assurance qualit\u00e9 certifi\u00e9 par <strong>SGS (ES 13\/14728)<\/strong> conforme \u00e0 la norme <strong>ISO 9001:2015<\/strong> pour la conception et la fabrication de syst\u00e8mes de filtration. Notre \u00e9quipe est \u00e9galement fi\u00e8re de participer aux travaux du Comit\u00e9 europ\u00e9en de normalisation (CEN) en tant que membre actif du groupe de travail du comit\u00e9 technique <strong>CTN318<\/strong>.<\/p>\n<p>Cliquez <strong><a href=\"https:\/\/lama.es\/download\/LAMA-POLITIQUE-QUALITE.pdf\">ici<\/a> <\/strong>pour t\u00e9l\u00e9charger notre politique de qualit\u00e9.<\/p>\n<p>&nbsp;<\/p>\n<p>Nos filtres Lama, dont la description d\u00e9taill\u00e9e figure dans chaque manuel d\u2019utilisation, sont tous conformes \u00e0 la l\u00e9gislation en vigueur en mati\u00e8re de s\u00e9curit\u00e9 des produits. De plus, nos produits Lama viennent avec une garantie qui d\u00e9finit clairement la couverture, les exclusions et les proc\u00e9dures \u00e0 suivre pour les r\u00e9clamations.[\/vc_column_text][\/vc_column][\/vc_row][vc_row css_animation=\u00a0\u00bb\u00a0\u00bb row_type=\u00a0\u00bbrow\u00a0\u00bb use_row_as_full_screen_section=\u00a0\u00bbno\u00a0\u00bb type=\u00a0\u00bbfull_width\u00a0\u00bb angled_section=\u00a0\u00bbno\u00a0\u00bb text_align=\u00a0\u00bbleft\u00a0\u00bb background_image_as_pattern=\u00a0\u00bbwithout_pattern\u00a0\u00bb css=\u00a0\u00bb.vc_custom_1461314967732{padding-bottom: 80px !important;}\u00a0\u00bb][vc_column][vc_single_image image=\u00a0\u00bb129&Prime; img_size=\u00a0\u00bbfull\u00a0\u00bb alignment=\u00a0\u00bbcenter\u00a0\u00bb qode_css_animation=\u00a0\u00bb\u00a0\u00bb][\/vc_column][\/vc_row][vc_row css_animation=\u00a0\u00bb\u00a0\u00bb row_type=\u00a0\u00bbrow\u00a0\u00bb use_row_as_full_screen_section=\u00a0\u00bbno\u00a0\u00bb type=\u00a0\u00bbgrid\u00a0\u00bb angled_section=\u00a0\u00bbno\u00a0\u00bb text_align=\u00a0\u00bbleft\u00a0\u00bb background_image_as_pattern=\u00a0\u00bbwithout_pattern\u00a0\u00bb][vc_column width=\u00a0\u00bb1\/2&Prime; css=\u00a0\u00bb.vc_custom_1461263889219{padding-top: 40px !important;padding-bottom: 40px !important;}\u00a0\u00bb][vc_column_text]<\/p>\n<h2>LABORATOIRE R&amp;D<\/h2>\n<p>&nbsp;<\/p>\n<p>Notre laboratoire de S\u00e9ville est \u00e9quip\u00e9 d\u2019outils de pointe, mis en \u0153uvre par notre personnel hautement qualifi\u00e9, qui respecte des protocoles rigoureux.<\/p>\n<p><strong>Chaque filtre doit passer notre test de pression avant d\u2019\u00eatre exp\u00e9di\u00e9 \u00e0 nos clients.<\/strong><\/p>\n<p><a href=\"https:\/\/lama.es\/download\/LAMA-WARRANTY-2020.pdf\">\u00a0<\/a>[\/vc_column_text][vc_row_inner row_type=\u00a0\u00bbrow\u00a0\u00bb type=\u00a0\u00bbfull_width\u00a0\u00bb text_align=\u00a0\u00bbleft\u00a0\u00bb css_animation=\u00a0\u00bb\u00a0\u00bb css=\u00a0\u00bb.vc_custom_1462968933660{margin-top: 40px !important;margin-bottom: 40px !important;}\u00a0\u00bb][vc_column_inner width=\u00a0\u00bb1\/4&Prime;][vc_single_image image=\u00a0\u00bb3627&Prime; img_size=\u00a0\u00bbfull\u00a0\u00bb onclick=\u00a0\u00bbcustom_link\u00a0\u00bb img_link_target=\u00a0\u00bb_blank\u00a0\u00bb qode_css_animation=\u00a0\u00bb\u00a0\u00bb link=\u00a0\u00bbhttps:\/\/lama.es\/download\/LAMA-GARANTIE-2020.pdf\u00a0\u00bb][\/vc_column_inner][vc_column_inner width=\u00a0\u00bb1\/4&Prime;][\/vc_column_inner][vc_column_inner width=\u00a0\u00bb1\/4&Prime;][\/vc_column_inner][\/vc_row_inner][\/vc_column][vc_column width=\u00a0\u00bb1\/2&Prime; css=\u00a0\u00bb.vc_custom_1461263907720{padding-top: 40px !important;padding-bottom: 40px !important;}\u00a0\u00bb][vc_single_image image=\u00a0\u00bb3590&Prime; img_size=\u00a0\u00bbfull\u00a0\u00bb alignment=\u00a0\u00bbcenter\u00a0\u00bb qode_css_animation=\u00a0\u00bb\u00a0\u00bb][\/vc_column][\/vc_row]<\/p>\n","protected":false},"excerpt":{"rendered":"<p>[vc_row css_animation=\u00a0\u00bb\u00a0\u00bb row_type=\u00a0\u00bbrow\u00a0\u00bb use_row_as_full_screen_section=\u00a0\u00bbno\u00a0\u00bb type=\u00a0\u00bbgrid\u00a0\u00bb angled_section=\u00a0\u00bbno\u00a0\u00bb text_align=\u00a0\u00bbleft\u00a0\u00bb background_image_as_pattern=\u00a0\u00bbwithout_pattern\u00a0\u00bb css=\u00a0\u00bb.vc_custom_1461314472523{padding-top: 40px !important;padding-bottom: 80px !important;}\u00a0\u00bb][vc_column width=\u00a0\u00bb1\/2&Prime; css=\u00a0\u00bb.vc_custom_1461314418640{padding-top: 40px !important;}\u00a0\u00bb][vc_video link=\u00a0\u00bbhttps:\/\/youtu.be\/Sw5bSUiK_GI\u00a0\u00bb][\/vc_column][vc_column width=\u00a0\u00bb1\/2&Prime; css=\u00a0\u00bb.vc_custom_1461314412759{padding-top: 40px !important;}\u00a0\u00bb][vc_column_text]H2O Innovation est une entreprise mondiale qui propose des solutions de traitement de l\u2019eau. Chaque jour, nous nous engageons \u00e0 aider les communaut\u00e9s et&#8230;<\/p>\n","protected":false},"author":1,"featured_media":0,"parent":0,"menu_order":0,"comment_status":"closed","ping_status":"closed","template":"full_width.php","meta":{"footnotes":""},"class_list":["post-1145","page","type-page","status-publish","hentry"],"yoast_head":"<!-- This site is optimized with the Yoast SEO plugin v27.3 - https:\/\/yoast.com\/product\/yoast-seo-wordpress\/ -->\n<title>Lama Sistemas de filtrados soci\u00e9t\u00e9 sp\u00e9cialis\u00e9e en syst\u00e8mes de filtration<\/title>\n<meta name=\"description\" content=\"Fond\u00e9e il y a plus de 60 ans, Lama Sistemas de filtrados soci\u00e9t\u00e9 sp\u00e9cialis\u00e9e en syst\u00e8mes de filtration d\u2019eau pour l\u2019agriculture et l\u2019industrie.\" \/>\n<meta name=\"robots\" content=\"index, follow, max-snippet:-1, max-image-preview:large, max-video-preview:-1\" \/>\n<link rel=\"canonical\" href=\"https:\/\/lama.es\/fr\/entreprise\/\" \/>\n<meta property=\"og:locale\" content=\"fr_FR\" \/>\n<meta property=\"og:type\" content=\"article\" \/>\n<meta property=\"og:title\" content=\"Lama Sistemas de filtrados soci\u00e9t\u00e9 sp\u00e9cialis\u00e9e en syst\u00e8mes de filtration\" \/>\n<meta property=\"og:description\" content=\"Fond\u00e9e il y a plus de 60 ans, Lama Sistemas de filtrados soci\u00e9t\u00e9 sp\u00e9cialis\u00e9e en syst\u00e8mes de filtration d\u2019eau pour l\u2019agriculture et l\u2019industrie.\" \/>\n<meta property=\"og:url\" content=\"https:\/\/lama.es\/fr\/entreprise\/\" \/>\n<meta property=\"og:site_name\" content=\"LAMA Sistema de Filtrado\" \/>\n<meta property=\"article:modified_time\" content=\"2026-04-08T12:18:54+00:00\" \/>\n<meta name=\"twitter:card\" content=\"summary_large_image\" \/>\n<meta name=\"twitter:label1\" content=\"Dur\u00e9e de lecture estim\u00e9e\" \/>\n\t<meta name=\"twitter:data1\" content=\"4 minutes\" \/>\n<script type=\"application\/ld+json\" class=\"yoast-schema-graph\">{\"@context\":\"https:\\\/\\\/schema.org\",\"@graph\":[{\"@type\":\"WebPage\",\"@id\":\"https:\\\/\\\/lama.es\\\/fr\\\/entreprise\\\/\",\"url\":\"https:\\\/\\\/lama.es\\\/fr\\\/entreprise\\\/\",\"name\":\"Lama Sistemas de filtrados soci\u00e9t\u00e9 sp\u00e9cialis\u00e9e en syst\u00e8mes de filtration\",\"isPartOf\":{\"@id\":\"https:\\\/\\\/lama.es\\\/fr\\\/#website\"},\"datePublished\":\"2016-04-21T11:27:09+00:00\",\"dateModified\":\"2026-04-08T12:18:54+00:00\",\"description\":\"Fond\u00e9e il y a plus de 60 ans, Lama Sistemas de filtrados soci\u00e9t\u00e9 sp\u00e9cialis\u00e9e en syst\u00e8mes de filtration d\u2019eau pour l\u2019agriculture et l\u2019industrie.\",\"breadcrumb\":{\"@id\":\"https:\\\/\\\/lama.es\\\/fr\\\/entreprise\\\/#breadcrumb\"},\"inLanguage\":\"fr-FR\",\"potentialAction\":[{\"@type\":\"ReadAction\",\"target\":[\"https:\\\/\\\/lama.es\\\/fr\\\/entreprise\\\/\"]}]},{\"@type\":\"BreadcrumbList\",\"@id\":\"https:\\\/\\\/lama.es\\\/fr\\\/entreprise\\\/#breadcrumb\",\"itemListElement\":[{\"@type\":\"ListItem\",\"position\":1,\"name\":\"Portada\",\"item\":\"https:\\\/\\\/lama.es\\\/fr\\\/\"},{\"@type\":\"ListItem\",\"position\":2,\"name\":\"\u00c0 PROPOS\"}]},{\"@type\":\"WebSite\",\"@id\":\"https:\\\/\\\/lama.es\\\/fr\\\/#website\",\"url\":\"https:\\\/\\\/lama.es\\\/fr\\\/\",\"name\":\"LAMA Sistema de Filtrado\",\"description\":\"\",\"potentialAction\":[{\"@type\":\"SearchAction\",\"target\":{\"@type\":\"EntryPoint\",\"urlTemplate\":\"https:\\\/\\\/lama.es\\\/fr\\\/?s={search_term_string}\"},\"query-input\":{\"@type\":\"PropertyValueSpecification\",\"valueRequired\":true,\"valueName\":\"search_term_string\"}}],\"inLanguage\":\"fr-FR\"}]}<\/script>\n<!-- \/ Yoast SEO plugin. -->","yoast_head_json":{"title":"Lama Sistemas de filtrados soci\u00e9t\u00e9 sp\u00e9cialis\u00e9e en syst\u00e8mes de filtration","description":"Fond\u00e9e il y a plus de 60 ans, Lama Sistemas de filtrados soci\u00e9t\u00e9 sp\u00e9cialis\u00e9e en syst\u00e8mes de filtration d\u2019eau pour l\u2019agriculture et l\u2019industrie.","robots":{"index":"index","follow":"follow","max-snippet":"max-snippet:-1","max-image-preview":"max-image-preview:large","max-video-preview":"max-video-preview:-1"},"canonical":"https:\/\/lama.es\/fr\/entreprise\/","og_locale":"fr_FR","og_type":"article","og_title":"Lama Sistemas de filtrados soci\u00e9t\u00e9 sp\u00e9cialis\u00e9e en syst\u00e8mes de filtration","og_description":"Fond\u00e9e il y a plus de 60 ans, Lama Sistemas de filtrados soci\u00e9t\u00e9 sp\u00e9cialis\u00e9e en syst\u00e8mes de filtration d\u2019eau pour l\u2019agriculture et l\u2019industrie.","og_url":"https:\/\/lama.es\/fr\/entreprise\/","og_site_name":"LAMA Sistema de Filtrado","article_modified_time":"2026-04-08T12:18:54+00:00","twitter_card":"summary_large_image","twitter_misc":{"Dur\u00e9e de lecture estim\u00e9e":"4 minutes"},"schema":{"@context":"https:\/\/schema.org","@graph":[{"@type":"WebPage","@id":"https:\/\/lama.es\/fr\/entreprise\/","url":"https:\/\/lama.es\/fr\/entreprise\/","name":"Lama Sistemas de filtrados soci\u00e9t\u00e9 sp\u00e9cialis\u00e9e en syst\u00e8mes de filtration","isPartOf":{"@id":"https:\/\/lama.es\/fr\/#website"},"datePublished":"2016-04-21T11:27:09+00:00","dateModified":"2026-04-08T12:18:54+00:00","description":"Fond\u00e9e il y a plus de 60 ans, Lama Sistemas de filtrados soci\u00e9t\u00e9 sp\u00e9cialis\u00e9e en syst\u00e8mes de filtration d\u2019eau pour l\u2019agriculture et l\u2019industrie.","breadcrumb":{"@id":"https:\/\/lama.es\/fr\/entreprise\/#breadcrumb"},"inLanguage":"fr-FR","potentialAction":[{"@type":"ReadAction","target":["https:\/\/lama.es\/fr\/entreprise\/"]}]},{"@type":"BreadcrumbList","@id":"https:\/\/lama.es\/fr\/entreprise\/#breadcrumb","itemListElement":[{"@type":"ListItem","position":1,"name":"Portada","item":"https:\/\/lama.es\/fr\/"},{"@type":"ListItem","position":2,"name":"\u00c0 PROPOS"}]},{"@type":"WebSite","@id":"https:\/\/lama.es\/fr\/#website","url":"https:\/\/lama.es\/fr\/","name":"LAMA Sistema de Filtrado","description":"","potentialAction":[{"@type":"SearchAction","target":{"@type":"EntryPoint","urlTemplate":"https:\/\/lama.es\/fr\/?s={search_term_string}"},"query-input":{"@type":"PropertyValueSpecification","valueRequired":true,"valueName":"search_term_string"}}],"inLanguage":"fr-FR"}]}},"_links":{"self":[{"href":"https:\/\/lama.es\/fr\/wp-json\/wp\/v2\/pages\/1145","targetHints":{"allow":["GET"]}}],"collection":[{"href":"https:\/\/lama.es\/fr\/wp-json\/wp\/v2\/pages"}],"about":[{"href":"https:\/\/lama.es\/fr\/wp-json\/wp\/v2\/types\/page"}],"author":[{"embeddable":true,"href":"https:\/\/lama.es\/fr\/wp-json\/wp\/v2\/users\/1"}],"replies":[{"embeddable":true,"href":"https:\/\/lama.es\/fr\/wp-json\/wp\/v2\/comments?post=1145"}],"version-history":[{"count":53,"href":"https:\/\/lama.es\/fr\/wp-json\/wp\/v2\/pages\/1145\/revisions"}],"predecessor-version":[{"id":7550,"href":"https:\/\/lama.es\/fr\/wp-json\/wp\/v2\/pages\/1145\/revisions\/7550"}],"wp:attachment":[{"href":"https:\/\/lama.es\/fr\/wp-json\/wp\/v2\/media?parent=1145"}],"curies":[{"name":"wp","href":"https:\/\/api.w.org\/{rel}","templated":true}]}}