{"id":1151,"date":"2016-04-22T10:56:02","date_gmt":"2016-04-22T08:56:02","guid":{"rendered":"http:\/\/lama.es\/tecnologia\/?lang=fr"},"modified":"2023-01-05T11:52:27","modified_gmt":"2023-01-05T09:52:27","slug":"technologie","status":"publish","type":"page","link":"https:\/\/lama.es\/fr\/technologie\/","title":{"rendered":"Technologie"},"content":{"rendered":"<p>[vc_row css_animation=\u00a0\u00bb\u00a0\u00bb row_type=\u00a0\u00bbrow\u00a0\u00bb use_row_as_full_screen_section=\u00a0\u00bbno\u00a0\u00bb type=\u00a0\u00bbgrid\u00a0\u00bb angled_section=\u00a0\u00bbno\u00a0\u00bb text_align=\u00a0\u00bbleft\u00a0\u00bb background_image_as_pattern=\u00a0\u00bbwithout_pattern\u00a0\u00bb css=\u00a0\u00bb.vc_custom_1463045004733{padding-top: 20px !important;padding-bottom: 40px !important;}\u00a0\u00bb][vc_column width=\u00a0\u00bb1\/3&Prime;][vc_column_text]<\/p>\n<h2>DISQUE PARALL\u00c8LE LAMA<\/h2>\n<p>&nbsp;<\/p>\n<p>\u201cNous n\u2019avons pas invent\u00e9 les disques, mais nous avons dessin\u00e9 les plus efficace du march\u00e9.<\/p>\n<p>Lama fabrique des disques parall\u00e8les de lumi\u00e8re de passage.; du 50 au 250 \u03bcm, c\u2019est le disque 190 \u03bcm le standard.<\/p>\n<p>Le disque parall\u00e8le LAMA a \u00e9t\u00e9 minutieusement dessin\u00e9 et \u00e9tudi\u00e9 par son \u00e9quipe d&rsquo;ing\u00e9nierie. Il a \u00e9t\u00e9 con\u00e7u par la g\u00e9om\u00e9trie la plus efficiente pour obtenir la plus grande surface utile. La g\u00e9om\u00e9trie trap\u00e9zo\u00efdale de ses canaux lui assigne la plus grande effectivit\u00e9 des disques filtrantes du march\u00e9.<\/p>\n<p>[\/vc_column_text][\/vc_column][vc_column width=\u00a0\u00bb1\/3&Prime;][vc_column_text]<\/p>\n<p style=\"text-align: left;\">\u00c9tape de filtration des filtres \u00e0 disques:<\/p>\n<p>[\/vc_column_text][vc_single_image image=\u00a0\u00bb356&Prime; img_size=\u00a0\u00bbfull\u00a0\u00bb qode_css_animation=\u00a0\u00bb\u00a0\u00bb][\/vc_column][vc_column width=\u00a0\u00bb1\/3&Prime;][vc_column_text]<\/p>\n<p style=\"text-align: left;\">\u00c9tape de nettoyage des filtres \u00e0 disques:<\/p>\n<p>[\/vc_column_text][vc_single_image image=\u00a0\u00bb357&Prime; img_size=\u00a0\u00bbfull\u00a0\u00bb qode_css_animation=\u00a0\u00bb\u00a0\u00bb][\/vc_column][\/vc_row][vc_row css_animation=\u00a0\u00bb\u00a0\u00bb row_type=\u00a0\u00bbrow\u00a0\u00bb use_row_as_full_screen_section=\u00a0\u00bbno\u00a0\u00bb type=\u00a0\u00bbgrid\u00a0\u00bb angled_section=\u00a0\u00bbno\u00a0\u00bb text_align=\u00a0\u00bbleft\u00a0\u00bb background_image_as_pattern=\u00a0\u00bbwithout_pattern\u00a0\u00bb css=\u00a0\u00bb.vc_custom_1461317407050{margin-bottom: 40px !important;padding-top: 20px !important;padding-right: 20px !important;padding-bottom: 20px !important;padding-left: 20px !important;}\u00a0\u00bb][vc_column][vc_row_inner row_type=\u00a0\u00bbrow\u00a0\u00bb type=\u00a0\u00bbfull_width\u00a0\u00bb text_align=\u00a0\u00bbleft\u00a0\u00bb css_animation=\u00a0\u00bb\u00a0\u00bb background_color=\u00a0\u00bb#ededed\u00a0\u00bb css=\u00a0\u00bb.vc_custom_1461316933719{padding-top: 20px !important;padding-right: 20px !important;padding-bottom: 20px !important;padding-left: 20px !important;}\u00a0\u00bb][vc_column_inner width=\u00a0\u00bb1\/2&Prime; css=\u00a0\u00bb.vc_custom_1461316989901{margin-bottom: 20px !important;}\u00a0\u00bb][vc_column_text css=\u00a0\u00bb.vc_custom_1464780199371{margin-bottom: 10px !important;}\u00a0\u00bb]AVANTAGES[\/vc_column_text][vc_column_text css=\u00a0\u00bb.vc_custom_1464780205786{margin-bottom: 20px !important;}\u00a0\u00bb]Nous offrons une plus grande surface du march\u00e9, gr\u00e2ce \u00e0 sa g\u00e9om\u00e9trie (rayon d\u2019abeille):[\/vc_column_text][vc_single_image image=\u00a0\u00bb158&Prime; img_size=\u00a0\u00bbfull\u00a0\u00bb alignment=\u00a0\u00bbcenter\u00a0\u00bb qode_css_animation=\u00a0\u00bb\u00a0\u00bb][\/vc_column_inner][vc_column_inner width=\u00a0\u00bb1\/2&Prime; css=\u00a0\u00bb.vc_custom_1461317287305{margin-top: 30px !important;margin-bottom: 20px !important;}\u00a0\u00bb][vc_column_text css=\u00a0\u00bb.vc_custom_1464780212747{margin-bottom: 20px !important;}\u00a0\u00bb]Filtration graduelle:[\/vc_column_text][vc_single_image image=\u00a0\u00bb159&Prime; img_size=\u00a0\u00bbfull\u00a0\u00bb alignment=\u00a0\u00bbcenter\u00a0\u00bb qode_css_animation=\u00a0\u00bb\u00a0\u00bb][\/vc_column_inner][\/vc_row_inner][vc_row_inner row_type=\u00a0\u00bbrow\u00a0\u00bb type=\u00a0\u00bbfull_width\u00a0\u00bb text_align=\u00a0\u00bbleft\u00a0\u00bb css_animation=\u00a0\u00bb\u00a0\u00bb background_color=\u00a0\u00bb#ededed\u00a0\u00bb css=\u00a0\u00bb.vc_custom_1461316955753{padding-right: 20px !important;padding-bottom: 20px !important;padding-left: 20px !important;}\u00a0\u00bb][vc_column_inner width=\u00a0\u00bb1\/2&Prime; css=\u00a0\u00bb.vc_custom_1461317008097{margin-bottom: 20px !important;}\u00a0\u00bb][vc_column_text css=\u00a0\u00bb.vc_custom_1464780219199{margin-bottom: 20px !important;}\u00a0\u00bb]Grand efficience filtrante, par son prefiltre externe:[\/vc_column_text][vc_single_image image=\u00a0\u00bb3545&Prime; img_size=\u00a0\u00bbfull\u00a0\u00bb alignment=\u00a0\u00bbcenter\u00a0\u00bb qode_css_animation=\u00a0\u00bb\u00a0\u00bb][\/vc_column_inner][vc_column_inner width=\u00a0\u00bb1\/2&Prime; css=\u00a0\u00bb.vc_custom_1461317016244{margin-bottom: 20px !important;}\u00a0\u00bb][vc_column_text css=\u00a0\u00bb.vc_custom_1464780225348{margin-bottom: 20px !important;}\u00a0\u00bb]Perte de charge minimale, gr\u00e2ce \u00e0 la surface polissage et brillante du disques:[\/vc_column_text][vc_single_image image=\u00a0\u00bb3537&Prime; img_size=\u00a0\u00bbfull\u00a0\u00bb alignment=\u00a0\u00bbcenter\u00a0\u00bb qode_css_animation=\u00a0\u00bb\u00a0\u00bb][\/vc_column_inner][\/vc_row_inner][\/vc_column][\/vc_row][vc_row css_animation=\u00a0\u00bb\u00a0\u00bb row_type=\u00a0\u00bbrow\u00a0\u00bb use_row_as_full_screen_section=\u00a0\u00bbno\u00a0\u00bb type=\u00a0\u00bbgrid\u00a0\u00bb angled_section=\u00a0\u00bbno\u00a0\u00bb text_align=\u00a0\u00bbleft\u00a0\u00bb background_image_as_pattern=\u00a0\u00bbwithout_pattern\u00a0\u00bb css=\u00a0\u00bb.vc_custom_1461317492254{padding-bottom: 40px !important;}\u00a0\u00bb][vc_column width=\u00a0\u00bb1\/2&Prime; css=\u00a0\u00bb.vc_custom_1461317425227{margin-bottom: 20px !important;}\u00a0\u00bb][vc_single_image image=\u00a0\u00bb4503&Prime; img_size=\u00a0\u00bbfull\u00a0\u00bb qode_css_animation=\u00a0\u00bb\u00a0\u00bb][\/vc_column][vc_column width=\u00a0\u00bb1\/2&Prime; css=\u00a0\u00bb.vc_custom_1461317432476{margin-bottom: 20px !important;}\u00a0\u00bb][vc_single_image image=\u00a0\u00bb177&Prime; img_size=\u00a0\u00bbfull\u00a0\u00bb qode_css_animation=\u00a0\u00bb\u00a0\u00bb][\/vc_column][\/vc_row][vc_row css_animation=\u00a0\u00bb\u00a0\u00bb row_type=\u00a0\u00bbrow\u00a0\u00bb use_row_as_full_screen_section=\u00a0\u00bbno\u00a0\u00bb type=\u00a0\u00bbfull_width\u00a0\u00bb angled_section=\u00a0\u00bbno\u00a0\u00bb text_align=\u00a0\u00bbcenter\u00a0\u00bb background_image_as_pattern=\u00a0\u00bbwithout_pattern\u00a0\u00bb css=\u00a0\u00bb.vc_custom_1462972626745{margin-bottom: 40px !important;}\u00a0\u00bb][vc_column][vc_single_image image=\u00a0\u00bb3658&Prime; img_size=\u00a0\u00bbfull\u00a0\u00bb alignment=\u00a0\u00bbcenter\u00a0\u00bb qode_css_animation=\u00a0\u00bb\u00a0\u00bb][\/vc_column][\/vc_row][vc_row css_animation=\u00a0\u00bb\u00a0\u00bb row_type=\u00a0\u00bbrow\u00a0\u00bb use_row_as_full_screen_section=\u00a0\u00bbno\u00a0\u00bb type=\u00a0\u00bbgrid\u00a0\u00bb angled_section=\u00a0\u00bbno\u00a0\u00bb text_align=\u00a0\u00bbleft\u00a0\u00bb background_image_as_pattern=\u00a0\u00bbwithout_pattern\u00a0\u00bb css=\u00a0\u00bb.vc_custom_1461318131918{margin-top: 20px !important;margin-bottom: 10px !important;}\u00a0\u00bb][vc_column width=\u00a0\u00bb1\/2&Prime; css=\u00a0\u00bb.vc_custom_1461317673905{margin-bottom: 20px !important;}\u00a0\u00bb][vc_column_text]<\/p>\n<h2>TAMIS AUTOMATIQUE LAMA<\/h2>\n<p>[\/vc_column_text][\/vc_column][vc_column width=\u00a0\u00bb1\/2&Prime;][\/vc_column][\/vc_row][vc_row css_animation=\u00a0\u00bb\u00a0\u00bb row_type=\u00a0\u00bbrow\u00a0\u00bb use_row_as_full_screen_section=\u00a0\u00bbno\u00a0\u00bb type=\u00a0\u00bbgrid\u00a0\u00bb angled_section=\u00a0\u00bbno\u00a0\u00bb text_align=\u00a0\u00bbleft\u00a0\u00bb background_image_as_pattern=\u00a0\u00bbwithout_pattern\u00a0\u00bb][vc_column][vc_column_text]TAMIS DISPONIBLES POUR FILTRES AUTOMATIQUES<br \/>\nTamis standard pour filtres automatiques: 0,190 mm[\/vc_column_text][vc_single_image image=\u00a0\u00bb4147&Prime; img_size=\u00a0\u00bbfull\u00a0\u00bb qode_css_animation=\u00a0\u00bb\u00a0\u00bb css=\u00a0\u00bb.vc_custom_1612526809263{margin-top: 40px !important;}\u00a0\u00bb][\/vc_column][\/vc_row][vc_row css_animation=\u00a0\u00bb\u00a0\u00bb row_type=\u00a0\u00bbrow\u00a0\u00bb use_row_as_full_screen_section=\u00a0\u00bbno\u00a0\u00bb type=\u00a0\u00bbgrid\u00a0\u00bb angled_section=\u00a0\u00bbno\u00a0\u00bb text_align=\u00a0\u00bbleft\u00a0\u00bb background_image_as_pattern=\u00a0\u00bbwithout_pattern\u00a0\u00bb css=\u00a0\u00bb.vc_custom_1461318249503{margin-top: 50px !important;}\u00a0\u00bb][vc_column width=\u00a0\u00bb1\/2&Prime;][vc_single_image image=\u00a0\u00bb3515&Prime; img_size=\u00a0\u00bbfull\u00a0\u00bb qode_css_animation=\u00a0\u00bb\u00a0\u00bb css=\u00a0\u00bb.vc_custom_1594197149950{margin-top: 10px !important;}\u00a0\u00bb][\/vc_column][vc_column width=\u00a0\u00bb1\/2&Prime;][vc_column_text css=\u00a0\u00bb.vc_custom_1583503614104{padding-top: 50px !important;}\u00a0\u00bb]La cartouche LAMA en polyamide inject\u00e9e directement avec le tamis en acier inoxydable, dispose de la meilleure technologie du march\u00e9, avec un rendement de surface utile de 26,40%.[\/vc_column_text][\/vc_column][\/vc_row][vc_row css_animation=\u00a0\u00bb\u00a0\u00bb row_type=\u00a0\u00bbrow\u00a0\u00bb use_row_as_full_screen_section=\u00a0\u00bbno\u00a0\u00bb type=\u00a0\u00bbgrid\u00a0\u00bb angled_section=\u00a0\u00bbno\u00a0\u00bb text_align=\u00a0\u00bbleft\u00a0\u00bb background_image_as_pattern=\u00a0\u00bbwithout_pattern\u00a0\u00bb css=\u00a0\u00bb.vc_custom_1461318565755{margin-top: 60px !important;margin-bottom: 40px !important;}\u00a0\u00bb][vc_column width=\u00a0\u00bb1\/2&Prime;][vc_column_text css=\u00a0\u00bb.vc_custom_1464780263258{padding-bottom: 20px !important;}\u00a0\u00bb]SYST\u00c8ME ELECTRIQUE<br \/>\nLa rotation \u00e9lectrique SANS d\u00e9placement lin\u00e9aire, permet des am\u00e9liorations dans le syst\u00e8me. Les buses d\u2019aspiration en caoutchouc sont en contact direct avec le tamis, cr\u00e9e une zone \u00e9tanche et utilise 100 % du d\u00e9bit du contre-lavage. Le moteur \u00e9lectrique r\u00e9alise la rotation du scanner d&rsquo;aspiration des impuret\u00e9s.[\/vc_column_text][vc_single_image image=\u00a0\u00bb3529&Prime; img_size=\u00a0\u00bbfull\u00a0\u00bb alignment=\u00a0\u00bbcenter\u00a0\u00bb qode_css_animation=\u00a0\u00bb\u00a0\u00bb][\/vc_column][vc_column width=\u00a0\u00bb1\/2&Prime;][vc_column_text css=\u00a0\u00bb.vc_custom_1465485803583{padding-bottom: 72px !important;}\u00a0\u00bb]SYST\u00c8ME HYDRAULIQUE<br \/>\nSyst\u00e8me de nettoyage qui utilise des buses d\u2019aspiration en PVC. Les buses parcourent la cartouche tir\u00e9es par \u00e9nergie hydraulique. Principe \u201caction-r\u00e9action\u201d.[\/vc_column_text][vc_single_image image=\u00a0\u00bb5419&Prime; img_size=\u00a0\u00bbfull\u00a0\u00bb alignment=\u00a0\u00bbcenter\u00a0\u00bb qode_css_animation=\u00a0\u00bb\u00a0\u00bb][\/vc_column][\/vc_row]<\/p>\n","protected":false},"excerpt":{"rendered":"<p>[vc_row css_animation=\u00a0\u00bb\u00a0\u00bb row_type=\u00a0\u00bbrow\u00a0\u00bb use_row_as_full_screen_section=\u00a0\u00bbno\u00a0\u00bb type=\u00a0\u00bbgrid\u00a0\u00bb angled_section=\u00a0\u00bbno\u00a0\u00bb text_align=\u00a0\u00bbleft\u00a0\u00bb background_image_as_pattern=\u00a0\u00bbwithout_pattern\u00a0\u00bb css=\u00a0\u00bb.vc_custom_1463045004733{padding-top: 20px !important;padding-bottom: 40px !important;}\u00a0\u00bb][vc_column width=\u00a0\u00bb1\/3&Prime;][vc_column_text] DISQUE PARALL\u00c8LE LAMA &nbsp; \u201cNous n\u2019avons pas invent\u00e9 les disques, mais nous avons dessin\u00e9 les plus efficace du march\u00e9. Lama fabrique des disques parall\u00e8les de lumi\u00e8re de passage.; du 50 au&#8230;<\/p>\n","protected":false},"author":1,"featured_media":0,"parent":0,"menu_order":0,"comment_status":"closed","ping_status":"closed","template":"full_width.php","meta":{"footnotes":""},"class_list":["post-1151","page","type-page","status-publish","hentry"],"yoast_head":"<!-- This site is optimized with the Yoast SEO plugin v27.3 - https:\/\/yoast.com\/product\/yoast-seo-wordpress\/ -->\n<title>Technologie des filtres automatiques Lama Sistemas de Filtrados<\/title>\n<meta name=\"description\" content=\"Technologie des filtres automatiques Lama Sistemas de Filtrados. Page pour conna\u00eetre les progressions du d\u00e9partement technique de Lama.\" \/>\n<meta name=\"robots\" content=\"index, follow, max-snippet:-1, max-image-preview:large, max-video-preview:-1\" \/>\n<link rel=\"canonical\" href=\"https:\/\/lama.es\/fr\/technologie\/\" \/>\n<meta property=\"og:locale\" content=\"fr_FR\" \/>\n<meta property=\"og:type\" content=\"article\" \/>\n<meta property=\"og:title\" content=\"Technologie des filtres automatiques Lama Sistemas de Filtrados\" \/>\n<meta property=\"og:description\" content=\"Technologie des filtres automatiques Lama Sistemas de Filtrados. Page pour conna\u00eetre les progressions du d\u00e9partement technique de Lama.\" \/>\n<meta property=\"og:url\" content=\"https:\/\/lama.es\/fr\/technologie\/\" \/>\n<meta property=\"og:site_name\" content=\"LAMA Sistema de Filtrado\" \/>\n<meta property=\"article:modified_time\" content=\"2023-01-05T09:52:27+00:00\" \/>\n<meta name=\"twitter:card\" content=\"summary_large_image\" \/>\n<meta name=\"twitter:label1\" content=\"Dur\u00e9e de lecture estim\u00e9e\" \/>\n\t<meta name=\"twitter:data1\" content=\"3 minutes\" \/>\n<script type=\"application\/ld+json\" class=\"yoast-schema-graph\">{\"@context\":\"https:\\\/\\\/schema.org\",\"@graph\":[{\"@type\":\"WebPage\",\"@id\":\"https:\\\/\\\/lama.es\\\/fr\\\/technologie\\\/\",\"url\":\"https:\\\/\\\/lama.es\\\/fr\\\/technologie\\\/\",\"name\":\"Technologie des filtres automatiques Lama Sistemas de Filtrados\",\"isPartOf\":{\"@id\":\"https:\\\/\\\/lama.es\\\/fr\\\/#website\"},\"datePublished\":\"2016-04-22T08:56:02+00:00\",\"dateModified\":\"2023-01-05T09:52:27+00:00\",\"description\":\"Technologie des filtres automatiques Lama Sistemas de Filtrados. Page pour conna\u00eetre les progressions du d\u00e9partement technique de Lama.\",\"breadcrumb\":{\"@id\":\"https:\\\/\\\/lama.es\\\/fr\\\/technologie\\\/#breadcrumb\"},\"inLanguage\":\"fr-FR\",\"potentialAction\":[{\"@type\":\"ReadAction\",\"target\":[\"https:\\\/\\\/lama.es\\\/fr\\\/technologie\\\/\"]}]},{\"@type\":\"BreadcrumbList\",\"@id\":\"https:\\\/\\\/lama.es\\\/fr\\\/technologie\\\/#breadcrumb\",\"itemListElement\":[{\"@type\":\"ListItem\",\"position\":1,\"name\":\"Portada\",\"item\":\"https:\\\/\\\/lama.es\\\/fr\\\/\"},{\"@type\":\"ListItem\",\"position\":2,\"name\":\"Technologie\"}]},{\"@type\":\"WebSite\",\"@id\":\"https:\\\/\\\/lama.es\\\/fr\\\/#website\",\"url\":\"https:\\\/\\\/lama.es\\\/fr\\\/\",\"name\":\"LAMA Sistema de Filtrado\",\"description\":\"\",\"potentialAction\":[{\"@type\":\"SearchAction\",\"target\":{\"@type\":\"EntryPoint\",\"urlTemplate\":\"https:\\\/\\\/lama.es\\\/fr\\\/?s={search_term_string}\"},\"query-input\":{\"@type\":\"PropertyValueSpecification\",\"valueRequired\":true,\"valueName\":\"search_term_string\"}}],\"inLanguage\":\"fr-FR\"}]}<\/script>\n<!-- \/ Yoast SEO plugin. -->","yoast_head_json":{"title":"Technologie des filtres automatiques Lama Sistemas de Filtrados","description":"Technologie des filtres automatiques Lama Sistemas de Filtrados. Page pour conna\u00eetre les progressions du d\u00e9partement technique de Lama.","robots":{"index":"index","follow":"follow","max-snippet":"max-snippet:-1","max-image-preview":"max-image-preview:large","max-video-preview":"max-video-preview:-1"},"canonical":"https:\/\/lama.es\/fr\/technologie\/","og_locale":"fr_FR","og_type":"article","og_title":"Technologie des filtres automatiques Lama Sistemas de Filtrados","og_description":"Technologie des filtres automatiques Lama Sistemas de Filtrados. Page pour conna\u00eetre les progressions du d\u00e9partement technique de Lama.","og_url":"https:\/\/lama.es\/fr\/technologie\/","og_site_name":"LAMA Sistema de Filtrado","article_modified_time":"2023-01-05T09:52:27+00:00","twitter_card":"summary_large_image","twitter_misc":{"Dur\u00e9e de lecture estim\u00e9e":"3 minutes"},"schema":{"@context":"https:\/\/schema.org","@graph":[{"@type":"WebPage","@id":"https:\/\/lama.es\/fr\/technologie\/","url":"https:\/\/lama.es\/fr\/technologie\/","name":"Technologie des filtres automatiques Lama Sistemas de Filtrados","isPartOf":{"@id":"https:\/\/lama.es\/fr\/#website"},"datePublished":"2016-04-22T08:56:02+00:00","dateModified":"2023-01-05T09:52:27+00:00","description":"Technologie des filtres automatiques Lama Sistemas de Filtrados. Page pour conna\u00eetre les progressions du d\u00e9partement technique de Lama.","breadcrumb":{"@id":"https:\/\/lama.es\/fr\/technologie\/#breadcrumb"},"inLanguage":"fr-FR","potentialAction":[{"@type":"ReadAction","target":["https:\/\/lama.es\/fr\/technologie\/"]}]},{"@type":"BreadcrumbList","@id":"https:\/\/lama.es\/fr\/technologie\/#breadcrumb","itemListElement":[{"@type":"ListItem","position":1,"name":"Portada","item":"https:\/\/lama.es\/fr\/"},{"@type":"ListItem","position":2,"name":"Technologie"}]},{"@type":"WebSite","@id":"https:\/\/lama.es\/fr\/#website","url":"https:\/\/lama.es\/fr\/","name":"LAMA Sistema de Filtrado","description":"","potentialAction":[{"@type":"SearchAction","target":{"@type":"EntryPoint","urlTemplate":"https:\/\/lama.es\/fr\/?s={search_term_string}"},"query-input":{"@type":"PropertyValueSpecification","valueRequired":true,"valueName":"search_term_string"}}],"inLanguage":"fr-FR"}]}},"_links":{"self":[{"href":"https:\/\/lama.es\/fr\/wp-json\/wp\/v2\/pages\/1151","targetHints":{"allow":["GET"]}}],"collection":[{"href":"https:\/\/lama.es\/fr\/wp-json\/wp\/v2\/pages"}],"about":[{"href":"https:\/\/lama.es\/fr\/wp-json\/wp\/v2\/types\/page"}],"author":[{"embeddable":true,"href":"https:\/\/lama.es\/fr\/wp-json\/wp\/v2\/users\/1"}],"replies":[{"embeddable":true,"href":"https:\/\/lama.es\/fr\/wp-json\/wp\/v2\/comments?post=1151"}],"version-history":[{"count":21,"href":"https:\/\/lama.es\/fr\/wp-json\/wp\/v2\/pages\/1151\/revisions"}],"predecessor-version":[{"id":5422,"href":"https:\/\/lama.es\/fr\/wp-json\/wp\/v2\/pages\/1151\/revisions\/5422"}],"wp:attachment":[{"href":"https:\/\/lama.es\/fr\/wp-json\/wp\/v2\/media?parent=1151"}],"curies":[{"name":"wp","href":"https:\/\/api.w.org\/{rel}","templated":true}]}}