{"id":1169,"date":"2016-04-22T13:56:08","date_gmt":"2016-04-22T11:56:08","guid":{"rendered":"http:\/\/lama.es\/descargas\/?lang=fr"},"modified":"2026-04-15T12:11:56","modified_gmt":"2026-04-15T10:11:56","slug":"telecharger","status":"publish","type":"page","link":"https:\/\/lama.es\/fr\/telecharger\/","title":{"rendered":"T\u00e9l\u00e9charger"},"content":{"rendered":"<p>[vc_row css_animation=\u00a0\u00bb\u00a0\u00bb row_type=\u00a0\u00bbrow\u00a0\u00bb use_row_as_full_screen_section=\u00a0\u00bbno\u00a0\u00bb type=\u00a0\u00bbgrid\u00a0\u00bb angled_section=\u00a0\u00bbno\u00a0\u00bb text_align=\u00a0\u00bbleft\u00a0\u00bb background_image_as_pattern=\u00a0\u00bbwithout_pattern\u00a0\u00bb css=\u00a0\u00bb.vc_custom_1461345591713{margin-top: 80px !important;margin-bottom: 40px !important;}\u00a0\u00bb][vc_column width=\u00a0\u00bb1\/2&Prime;][vc_column_text]<\/p>\n<h2>CATALOGUES<\/h2>\n<p>[\/vc_column_text][vc_separator type=\u00a0\u00bbnormal\u00a0\u00bb color=\u00a0\u00bb#f7827c\u00a0\u00bb][vc_column_text]<a href=\"https:\/\/lama.es\/download\/LAMA-Catalogue-Agricole-2026.pdf\" target=\"_blank\" rel=\"noopener noreferrer\">Catalogue Agricole<\/a><\/p>\n<p><a href=\"https:\/\/lama.es\/download\/LAMA-Industrial-Catalogue-2026.pdf\" target=\"_blank\" rel=\"noopener noreferrer\">Catalogue Industriel<\/a>[\/vc_column_text][vc_column_text css=\u00a0\u00bb.vc_custom_1464781993848{margin-top: 30px !important;}\u00a0\u00bb]<\/p>\n<h2>MANUEL UTILISATEUR<\/h2>\n<p>[\/vc_column_text][vc_separator type=\u00a0\u00bbnormal\u00a0\u00bb color=\u00a0\u00bb#f7827c\u00a0\u00bb][vc_column_text]<a href=\"https:\/\/lama.es\/download\/LAMA-DISC-GUIDE-FILTERS.pdf\" target=\"_blank\" rel=\"noopener noreferrer\">Manuel d\u2019utilisateur filtres\u00a0<\/a><a href=\"https:\/\/lama.es\/download\/LAMA-DISC-GUIDE-FILTERS.pdf\" target=\"_blank\" rel=\"noopener noreferrer\">automatiques<\/a><a href=\"https:\/\/lama.es\/download\/LAMA-DISC-GUIDE-FILTERS.pdf\" target=\"_blank\" rel=\"noopener noreferrer\"> \u00e0 disques<\/a><\/p>\n<p><a href=\"https:\/\/lama.es\/download\/LAMA-MEDIA-GUIDE-FILTERS.pdf\" target=\"_blank\" rel=\"noopener noreferrer\">Manuel d\u2019utilisateur filtres \u00e0 sable<\/a><\/p>\n<p><a href=\"https:\/\/lama.es\/download\/LAMA-HIGH-SPECIAL-MEDIA-GUIDE-FILTERS.pdf\" target=\"_blank\" rel=\"noopener noreferrer\">Manuel d&rsquo;utilisateur filtres lits industriels<\/a><\/p>\n<p><a href=\"https:\/\/lama.es\/download\/LAMA-SCREEN-GUIDE-FILTERS.pdf\" target=\"_blank\" rel=\"noopener noreferrer\">Manuel d\u2019utilisateur filtres\u00a0<\/a><a href=\"https:\/\/lama.es\/download\/LAMA-DISC-GUIDE-FILTERS.pdf\" target=\"_blank\" rel=\"noopener noreferrer\">automatiques\u00a0<\/a><a href=\"https:\/\/lama.es\/download\/LAMA-SCREEN-GUIDE-FILTERS.pdf\" target=\"_blank\" rel=\"noopener noreferrer\">\u00e0 tamis<\/a><\/p>\n<p><a href=\"https:\/\/lama.es\/download\/RIO8-LAMA-PROGRAMMER.pdf\" target=\"_blank\" rel=\"noopener noreferrer\">Manuel d&rsquo;utilisateur du programmateur RIO8<\/a><\/p>\n<p><a href=\"https:\/\/lama.es\/download\/LAMA-PROGRAMMER-MINIS-GUIDE-FILTERS.pdf\" target=\"_blank\" rel=\"noopener noreferrer\">Manuel d&rsquo;utilisateur du programmateur Mini&rsquo;S<\/a><\/p>\n<p><a href=\"https:\/\/lama.es\/download\/LAMA-VALVES-GUIDE-FILTERS.pdf\" target=\"_blank\" rel=\"noopener noreferrer\">Manuel d\u2019utilisateur des vannes<\/a><\/p>\n<p><a href=\"https:\/\/lama.es\/download\/LAMA-CENTRIFUGAL-SCREEN-MANUAL-GUIDE-FILTERS.pdf\" target=\"_blank\" rel=\"noopener noreferrer\">Manuel d&rsquo;utilisateur des filtres centrifugeurs et m\u00e9tal \u00e0 tamis<\/a><\/p>\n<p><a href=\"https:\/\/lama.es\/download\/LAMA-HYDROCYCLONES-GUIDE.pdf\" target=\"_blank\" rel=\"noopener noreferrer\">Manuel d&rsquo;utilisateur des hydrodyclones <\/a><\/p>\n<p><a href=\"https:\/\/lama.es\/download\/LAMA-DISC-MANUAL-GUIDE-FILTERS.pdf\" target=\"_blank\" rel=\"noopener noreferrer\">Manuel d&rsquo;utilisateur des filtres m\u00e9tal \u00e0 disques<\/a><\/p>\n<p><a href=\"https:\/\/lama.es\/download\/LAMA-MICROFILTRATION-MANUAL-GUIDE-FILTERS.pdf\" target=\"_blank\" rel=\"noopener noreferrer\">Manuel d&rsquo;utilisateur des filtres de Microfiltration<\/a>[\/vc_column_text][vc_column_text css=\u00a0\u00bb.vc_custom_1464782062288{margin-top: 30px !important;}\u00a0\u00bb]<\/p>\n<h2>D\u00c9PLIANT DE VENTE<\/h2>\n<p>[\/vc_column_text][vc_separator type=\u00a0\u00bbnormal\u00a0\u00bb color=\u00a0\u00bb#f7827c\u00a0\u00bb][vc_column_text]<a href=\"https:\/\/lama.es\/download\/LAMA-BROCHURE-FILTRE-TAMIS-EKOFIBER.pdf\">D\u00e9pliant filres \u00e0 tamis EkoFiber<\/a><\/p>\n<p><a href=\"https:\/\/lama.es\/download\/LAMA-INDUSTRIAL-WATER-TREATMENT.pdf\" target=\"_blank\" rel=\"noopener noreferrer\">D\u00e9pliant Traitement d\u2019Eau<\/a><\/p>\n<p><a href=\"https:\/\/lama.es\/download\/LAMA-DISC-FILTERS-BROCHURE.pdf\" target=\"_blank\" rel=\"noopener noreferrer\">D\u00e9pliant filtres \u00e0 Disques<\/a><\/p>\n<p><a href=\"https:\/\/lama.es\/download\/LAMA-AUTOSENIOR-BROCHURE.pdf\" target=\"_blank\" rel=\"noopener\">D\u00e9pliant filtres \u00e0 disques Autosenior<\/a><\/p>\n<p><a href=\"https:\/\/lama.es\/download\/LAMA-SAND-FILTERS-BROCHURE.pdf\" target=\"_blank\" rel=\"noopener noreferrer\">D\u00e9pliant filtres \u00e0 Sable<\/a><\/p>\n<p><a href=\"https:\/\/lama.es\/download\/LAMA-SCREEN-FILTERS-BROCHURE.pdf\" target=\"_blank\" rel=\"noopener noreferrer\">D\u00e9pliant filtres \u00e0 Tamis<\/a><\/p>\n<p><a href=\"https:\/\/lama.es\/download\/LAMA-GLOBO-PLASTIC-VALVE-BROCHURE.pdf\" target=\"_blank\" rel=\"noopener noreferrer\">D\u00e9pliant vanne Globo Plastic<\/a><\/p>\n<p><a href=\"https:\/\/lama.es\/download\/LAMA-MEDIA-FILTERS-BROCHURE.pdf\" target=\"_blank\" rel=\"noopener noreferrer\">D\u00e9pliant filtres \u00e0 Sable Industriel<\/a><\/p>\n<p><a href=\"https:\/\/lama.es\/download\/LAMA-MICROFILTRATION-FILTERS-BROCHURE.pdf\" target=\"_blank\" rel=\"noopener noreferrer\">D\u00e9pliant filtres Microfiltration<\/a>[\/vc_column_text][\/vc_column][vc_column width=\u00a0\u00bb1\/2&Prime;][vc_column_text]<\/p>\n<h2>LIVRES DE R\u00c9F\u00c9RENCES<\/h2>\n<p>[\/vc_column_text][vc_separator type=\u00a0\u00bbnormal\u00a0\u00bb color=\u00a0\u00bb#f7827c\u00a0\u00bb][vc_column_text]<a href=\"https:\/\/lama.es\/download\/Lama-worldwide-agricultural-references.pdf\" target=\"_blank\" rel=\"noopener noreferrer\">Livre de r\u00e9f\u00e9rence agricole<\/a><\/p>\n<p><a href=\"https:\/\/lama.es\/download\/Lama-worldwide-industrial-references.pdf\" target=\"_blank\" rel=\"noopener noreferrer\">Livre de r\u00e9f\u00e9rence industriel<\/a><\/p>\n<p><a href=\"https:\/\/lama.es\/download\/LAMA-worldwide-media-filter-references.pdf\" target=\"_blank\" rel=\"noopener noreferrer\">Livre de r\u00e9f\u00e9rence des filtres lit-sable industriels<\/a><\/p>\n<p><a href=\"https:\/\/lama.es\/download\/Lama-worldwide-industrial-screen-references.pdf\">Livre de r\u00e9f\u00e9rence des filtres \u00e0 tamis automatiques industriels<\/a>[\/vc_column_text][vc_column_text css=\u00a0\u00bb.vc_custom_1464782159907{margin-top: 30px !important;}\u00a0\u00bb]<\/p>\n<h2>DES AUTRES MANUELS UTILISATEUR<\/h2>\n<p>[\/vc_column_text][vc_separator type=\u00a0\u00bbnormal\u00a0\u00bb color=\u00a0\u00bb#f7827c\u00a0\u00bb][vc_column_text]<a href=\"https:\/\/lama.es\/download\/Pressure-gauge-LAMA.pdf\" target=\"_blank\" rel=\"noopener noreferrer\">Pressostat diff\u00e9rentiel\u00a0<\/a><\/p>\n<p><a href=\"https:\/\/lama.es\/wp-content\/uploads\/2016\/04\/es_manual_arena.pdf\" target=\"_blank\" rel=\"noopener noreferrer\">Manuel d\u2019utilisateur filtres \u00e0 sable 2005 (ancien)<\/a><\/p>\n<p><a href=\"https:\/\/lama.es\/wp-content\/uploads\/2016\/04\/es_manual_caladocarballino.pdf\" target=\"_blank\" rel=\"noopener noreferrer\">Manuel d\u2019utilisateur filtres \u00e0 tamis Calado 2005<\/a><\/p>\n<p><a href=\"https:\/\/lama.es\/wp-content\/uploads\/2016\/04\/es_manual_fl8a.pdf\" target=\"_blank\" rel=\"noopener noreferrer\">Manuel d\u2019utilisateur des programmateurs Fl8a 2001<\/a><\/p>\n<p><a href=\"https:\/\/lama.es\/wp-content\/uploads\/2016\/04\/es_manual_fl8i.pdf\" target=\"_blank\" rel=\"noopener noreferrer\">Manuel d\u2019utilisateur des programmateurs Fl8i 2003<\/a><\/p>\n<p><a href=\"https:\/\/lama.es\/wp-content\/uploads\/2016\/04\/es_manual_lecho.pdf\" target=\"_blank\" rel=\"noopener noreferrer\">Manuel d\u2019utilisateur filtres \u00e0 Sable Industriel 2005<\/a><\/p>\n<p><a href=\"https:\/\/lama.es\/wp-content\/uploads\/2016\/12\/es_manual_mastermegadisc.pdf\" target=\"_blank\" rel=\"noopener noreferrer\">Manuel d\u2019utilisateur filtres \u00e0 disques Mastermegadisc 2005<\/a><\/p>\n<p><a href=\"https:\/\/lama.es\/wp-content\/uploads\/2016\/12\/es_manual_rotasenior.pdf\" target=\"_blank\" rel=\"noopener noreferrer\">Manuel d\u2019utilisateur filtres \u00e0 disques Rotasenior 2005<\/a><\/p>\n<p><a href=\"https:\/\/lama.es\/wp-content\/uploads\/2016\/04\/es_manual_rotativo.pdf\" target=\"_blank\" rel=\"noopener noreferrer\">Manuel d\u2019utilisateur filtres \u00e0 disques Rotativo 2005<\/a><\/p>\n<p><a href=\"https:\/\/lama.es\/download\/LAMA-POLYETHYLENE-STEEL-KITS.pdf\" target=\"_blank\" rel=\"noopener noreferrer\">Manuel d\u2019utilisateur filtres \u00e0 disques Autosenior et sable kits 2021<\/a><\/p>\n<p><a href=\"https:\/\/lama.es\/wp-content\/uploads\/2016\/04\/es_manual_MiniONE.pdf\" target=\"_blank\" rel=\"noopener noreferrer\">Manuel d\u2019utilisateur des programmateurs MiniOne 2013<\/a><\/p>\n<p><a href=\"https:\/\/lama.es\/download\/LAMA-PROGRAMMER-SMART8-GUIDE-FILTERS.pdf\" target=\"_blank\" rel=\"noopener noreferrer\">Manuel d\u2019utilisateur des programmateurs Smart 8 2018<\/a><\/p>\n<p><a href=\"https:\/\/lama.es\/wp-content\/uploads\/2016\/04\/Manual_mini_Fl4a.pdf\" target=\"_blank\" rel=\"noopener noreferrer\">Manuel d\u2019utilisateur des programmateurs MiniFl4a 2005<\/a><\/p>\n<p><a href=\"https:\/\/lama.es\/wp-content\/uploads\/2016\/04\/manual-del-usuario-2.2.pdf\" target=\"_blank\" rel=\"noopener noreferrer\">Manuel d\u2019utilisateur 2.2 2013<\/a><\/p>\n<p><a href=\"https:\/\/lama.es\/wp-content\/uploads\/2016\/04\/manual_usuario_lama_1.0.pdf\" target=\"_blank\" rel=\"noopener noreferrer\">Manuel d\u2019utilisateur 1.0 2011\u00a0<\/a><\/p>\n<p><a href=\"https:\/\/lama.es\/download\/LAMA-PROGRAMMERS-GUIDE-FILTERS.pdf\" target=\"_blank\" rel=\"noopener noreferrer\">Manuel d\u2019utilisateur des programmateurs 2016<\/a><\/p>\n<p><a href=\"https:\/\/lama.es\/download\/LAMA-PROGRAMMER-MINITOP-GUIDE-FILTERS.pdf\" target=\"_blank\" rel=\"noopener noreferrer\">Manuel d&rsquo;utilisateur du programmateur MiniTop 2021<\/a>[\/vc_column_text][\/vc_column][\/vc_row]<\/p>\n","protected":false},"excerpt":{"rendered":"<p>[vc_row css_animation=\u00a0\u00bb\u00a0\u00bb row_type=\u00a0\u00bbrow\u00a0\u00bb use_row_as_full_screen_section=\u00a0\u00bbno\u00a0\u00bb type=\u00a0\u00bbgrid\u00a0\u00bb angled_section=\u00a0\u00bbno\u00a0\u00bb text_align=\u00a0\u00bbleft\u00a0\u00bb background_image_as_pattern=\u00a0\u00bbwithout_pattern\u00a0\u00bb css=\u00a0\u00bb.vc_custom_1461345591713{margin-top: 80px !important;margin-bottom: 40px !important;}\u00a0\u00bb][vc_column width=\u00a0\u00bb1\/2&Prime;][vc_column_text] CATALOGUES [\/vc_column_text][vc_separator type=\u00a0\u00bbnormal\u00a0\u00bb color=\u00a0\u00bb#f7827c\u00a0\u00bb][vc_column_text]Catalogue Agricole Catalogue Industriel[\/vc_column_text][vc_column_text css=\u00a0\u00bb.vc_custom_1464781993848{margin-top: 30px !important;}\u00a0\u00bb] MANUEL UTILISATEUR [\/vc_column_text][vc_separator type=\u00a0\u00bbnormal\u00a0\u00bb color=\u00a0\u00bb#f7827c\u00a0\u00bb][vc_column_text]Manuel d\u2019utilisateur filtres\u00a0automatiques \u00e0 disques Manuel d\u2019utilisateur filtres \u00e0 sable Manuel d&rsquo;utilisateur filtres lits industriels Manuel d\u2019utilisateur&#8230;<\/p>\n","protected":false},"author":1,"featured_media":0,"parent":0,"menu_order":0,"comment_status":"closed","ping_status":"closed","template":"full_width.php","meta":{"footnotes":""},"class_list":["post-1169","page","type-page","status-publish","hentry"],"yoast_head":"<!-- This site is optimized with the Yoast SEO plugin v27.3 - https:\/\/yoast.com\/product\/yoast-seo-wordpress\/ -->\n<title>T\u00e9l\u00e9charger des documentations des produits Lama<\/title>\n<meta name=\"description\" content=\"T\u00e9l\u00e9charger des documentations des produits Lama. Ici vous trouverais tout ce qu&#039;est n\u00e9cessaire pour bien conna\u00eetre nos filtres.\" \/>\n<meta name=\"robots\" content=\"index, follow, max-snippet:-1, max-image-preview:large, max-video-preview:-1\" \/>\n<link rel=\"canonical\" href=\"https:\/\/lama.es\/fr\/telecharger\/\" \/>\n<meta property=\"og:locale\" content=\"fr_FR\" \/>\n<meta property=\"og:type\" content=\"article\" \/>\n<meta property=\"og:title\" content=\"T\u00e9l\u00e9charger des documentations des produits Lama\" \/>\n<meta property=\"og:description\" content=\"T\u00e9l\u00e9charger des documentations des produits Lama. Ici vous trouverais tout ce qu&#039;est n\u00e9cessaire pour bien conna\u00eetre nos filtres.\" \/>\n<meta property=\"og:url\" content=\"https:\/\/lama.es\/fr\/telecharger\/\" \/>\n<meta property=\"og:site_name\" content=\"LAMA Sistema de Filtrado\" \/>\n<meta property=\"article:modified_time\" content=\"2026-04-15T10:11:56+00:00\" \/>\n<meta name=\"twitter:card\" content=\"summary_large_image\" \/>\n<meta name=\"twitter:label1\" content=\"Dur\u00e9e de lecture estim\u00e9e\" \/>\n\t<meta name=\"twitter:data1\" content=\"2 minutes\" \/>\n<script type=\"application\/ld+json\" class=\"yoast-schema-graph\">{\"@context\":\"https:\\\/\\\/schema.org\",\"@graph\":[{\"@type\":\"WebPage\",\"@id\":\"https:\\\/\\\/lama.es\\\/fr\\\/telecharger\\\/\",\"url\":\"https:\\\/\\\/lama.es\\\/fr\\\/telecharger\\\/\",\"name\":\"T\u00e9l\u00e9charger des documentations des produits Lama\",\"isPartOf\":{\"@id\":\"https:\\\/\\\/lama.es\\\/fr\\\/#website\"},\"datePublished\":\"2016-04-22T11:56:08+00:00\",\"dateModified\":\"2026-04-15T10:11:56+00:00\",\"description\":\"T\u00e9l\u00e9charger des documentations des produits Lama. Ici vous trouverais tout ce qu'est n\u00e9cessaire pour bien conna\u00eetre nos filtres.\",\"breadcrumb\":{\"@id\":\"https:\\\/\\\/lama.es\\\/fr\\\/telecharger\\\/#breadcrumb\"},\"inLanguage\":\"fr-FR\",\"potentialAction\":[{\"@type\":\"ReadAction\",\"target\":[\"https:\\\/\\\/lama.es\\\/fr\\\/telecharger\\\/\"]}]},{\"@type\":\"BreadcrumbList\",\"@id\":\"https:\\\/\\\/lama.es\\\/fr\\\/telecharger\\\/#breadcrumb\",\"itemListElement\":[{\"@type\":\"ListItem\",\"position\":1,\"name\":\"Portada\",\"item\":\"https:\\\/\\\/lama.es\\\/fr\\\/\"},{\"@type\":\"ListItem\",\"position\":2,\"name\":\"T\u00e9l\u00e9charger\"}]},{\"@type\":\"WebSite\",\"@id\":\"https:\\\/\\\/lama.es\\\/fr\\\/#website\",\"url\":\"https:\\\/\\\/lama.es\\\/fr\\\/\",\"name\":\"LAMA Sistema de Filtrado\",\"description\":\"\",\"potentialAction\":[{\"@type\":\"SearchAction\",\"target\":{\"@type\":\"EntryPoint\",\"urlTemplate\":\"https:\\\/\\\/lama.es\\\/fr\\\/?s={search_term_string}\"},\"query-input\":{\"@type\":\"PropertyValueSpecification\",\"valueRequired\":true,\"valueName\":\"search_term_string\"}}],\"inLanguage\":\"fr-FR\"}]}<\/script>\n<!-- \/ Yoast SEO plugin. -->","yoast_head_json":{"title":"T\u00e9l\u00e9charger des documentations des produits Lama","description":"T\u00e9l\u00e9charger des documentations des produits Lama. Ici vous trouverais tout ce qu'est n\u00e9cessaire pour bien conna\u00eetre nos filtres.","robots":{"index":"index","follow":"follow","max-snippet":"max-snippet:-1","max-image-preview":"max-image-preview:large","max-video-preview":"max-video-preview:-1"},"canonical":"https:\/\/lama.es\/fr\/telecharger\/","og_locale":"fr_FR","og_type":"article","og_title":"T\u00e9l\u00e9charger des documentations des produits Lama","og_description":"T\u00e9l\u00e9charger des documentations des produits Lama. Ici vous trouverais tout ce qu'est n\u00e9cessaire pour bien conna\u00eetre nos filtres.","og_url":"https:\/\/lama.es\/fr\/telecharger\/","og_site_name":"LAMA Sistema de Filtrado","article_modified_time":"2026-04-15T10:11:56+00:00","twitter_card":"summary_large_image","twitter_misc":{"Dur\u00e9e de lecture estim\u00e9e":"2 minutes"},"schema":{"@context":"https:\/\/schema.org","@graph":[{"@type":"WebPage","@id":"https:\/\/lama.es\/fr\/telecharger\/","url":"https:\/\/lama.es\/fr\/telecharger\/","name":"T\u00e9l\u00e9charger des documentations des produits Lama","isPartOf":{"@id":"https:\/\/lama.es\/fr\/#website"},"datePublished":"2016-04-22T11:56:08+00:00","dateModified":"2026-04-15T10:11:56+00:00","description":"T\u00e9l\u00e9charger des documentations des produits Lama. Ici vous trouverais tout ce qu'est n\u00e9cessaire pour bien conna\u00eetre nos filtres.","breadcrumb":{"@id":"https:\/\/lama.es\/fr\/telecharger\/#breadcrumb"},"inLanguage":"fr-FR","potentialAction":[{"@type":"ReadAction","target":["https:\/\/lama.es\/fr\/telecharger\/"]}]},{"@type":"BreadcrumbList","@id":"https:\/\/lama.es\/fr\/telecharger\/#breadcrumb","itemListElement":[{"@type":"ListItem","position":1,"name":"Portada","item":"https:\/\/lama.es\/fr\/"},{"@type":"ListItem","position":2,"name":"T\u00e9l\u00e9charger"}]},{"@type":"WebSite","@id":"https:\/\/lama.es\/fr\/#website","url":"https:\/\/lama.es\/fr\/","name":"LAMA Sistema de Filtrado","description":"","potentialAction":[{"@type":"SearchAction","target":{"@type":"EntryPoint","urlTemplate":"https:\/\/lama.es\/fr\/?s={search_term_string}"},"query-input":{"@type":"PropertyValueSpecification","valueRequired":true,"valueName":"search_term_string"}}],"inLanguage":"fr-FR"}]}},"_links":{"self":[{"href":"https:\/\/lama.es\/fr\/wp-json\/wp\/v2\/pages\/1169","targetHints":{"allow":["GET"]}}],"collection":[{"href":"https:\/\/lama.es\/fr\/wp-json\/wp\/v2\/pages"}],"about":[{"href":"https:\/\/lama.es\/fr\/wp-json\/wp\/v2\/types\/page"}],"author":[{"embeddable":true,"href":"https:\/\/lama.es\/fr\/wp-json\/wp\/v2\/users\/1"}],"replies":[{"embeddable":true,"href":"https:\/\/lama.es\/fr\/wp-json\/wp\/v2\/comments?post=1169"}],"version-history":[{"count":117,"href":"https:\/\/lama.es\/fr\/wp-json\/wp\/v2\/pages\/1169\/revisions"}],"predecessor-version":[{"id":7556,"href":"https:\/\/lama.es\/fr\/wp-json\/wp\/v2\/pages\/1169\/revisions\/7556"}],"wp:attachment":[{"href":"https:\/\/lama.es\/fr\/wp-json\/wp\/v2\/media?parent=1169"}],"curies":[{"name":"wp","href":"https:\/\/api.w.org\/{rel}","templated":true}]}}